{"id":49562,"date":"2026-04-19T16:39:24","date_gmt":"2026-04-19T16:39:24","guid":{"rendered":"https:\/\/ajaesthetics.org\/product\/neoretin-dc-pigment-neutralizer-serum-pigmentaciju-mazinoss-serums-30-ml\/"},"modified":"2026-04-19T16:39:24","modified_gmt":"2026-04-19T16:39:24","slug":"neoretin-dc-pigment-neutralizer-serum-pigmentaciju-mazinoss-serums-30-ml","status":"publish","type":"product","link":"https:\/\/ajaesthetics.org\/ru\/product\/neoretin-dc-pigment-neutralizer-serum-pigmentaciju-mazinoss-serums-30-ml\/","title":{"rendered":"NEORETIN DC PIGMENT NEUTRALIZER SERUM | Pigment\u0101ciju mazino\u0161s serums, 30 ml"},"content":{"rendered":"<p>Izgaismojo\u0161s serums, kas izl\u012bdzina \u0101das toni, mazina pigment\u0101ciju, piem\u0113rots jut\u012bgai \u0101dai.<\/p>\n<p>Serums izstr\u0101d\u0101ts, lai sasniegtu izl\u012bdzin\u0101tu, vienm\u0113r\u012bgu un mirdzo\u0161u \u0101das toni, nekait\u0113jot \u0101dai. Piem\u0113rots jut\u012bgai \u0101dai vai \u0101dai, kas nepanes retinolu vai AHA sk\u0101bes. Sast\u0101v\u0101 ir Azela\u012bnsk\u0101bes AOX tehnolo\u0123ija &#8211; ekskluz\u012bva patent\u0113ta tehnolo\u0123ija, kas palielina azela\u012bnsk\u0101bes iedarb\u012bbu l\u012bdz 5 reiz\u0113m.<\/p>\n<p><strong>Priek\u0161roc\u012bbas:<\/strong><br data-mce-fragment=\"1\"><\/p>\n<ul>\n<li>Pal\u012bdz samazin\u0101t \u0101das pigment\u0101ciju<\/li>\n<li>Pie\u0161\u0137ir \u0101dai mirdzumu un starojumu<\/li>\n<li>Izl\u012bdzina \u0101das toni<\/li>\n<li>Piem\u0113rots visiem \u0101das tipiem, ar\u012b jut\u012bgai \u0101dai<\/li>\n<\/ul>\n<p><strong>Sast\u0101vda\u013cas:<\/strong> AzelaicAox Tech, Azeloglic\u012bns, Baku\u010diols, Hialuronsk\u0101be<br data-mce-fragment=\"1\"><\/p>\n<p><strong>Lieto\u0161ana:<\/strong> uzkl\u0101jiet serumu uz t\u012bras sejas \u0101das. Var lietot gan no r\u012bta, gan vakar\u0101.<\/p>","protected":false},"excerpt":{"rendered":"<p>Izgaismojo\u0161s serums, kas izl\u012bdzina \u0101das toni, mazina pigment\u0101ciju, piem\u0113rots jut\u012bgai \u0101dai. Serums izstr\u0101d\u0101ts, lai sasniegtu izl\u012bdzin\u0101tu, vienm\u0113r\u012bgu un mirdzo\u0161u \u0101das toni, nekait\u0113jot \u0101dai. Piem\u0113rots jut\u012bgai \u0101dai vai \u0101dai, kas nepanes retinolu vai AHA sk\u0101bes. Sast\u0101v\u0101 ir Azela\u012bnsk\u0101bes AOX tehnolo\u0123ija &#8211; ekskluz\u012bva patent\u0113ta tehnolo\u0123ija, kas palielina azela\u012bnsk\u0101bes iedarb\u012bbu l\u012bdz 5 reiz\u0113m. Priek\u0161roc\u012bbas: Pal\u012bdz samazin\u0101t \u0101das pigment\u0101ciju [&hellip;]<\/p>\n","protected":false},"featured_media":49566,"comment_status":"closed","ping_status":"open","template":"","meta":[],"product_brand":[252],"product_cat":[16],"product_tag":[261],"class_list":{"0":"post-49562","1":"product","2":"type-product","3":"status-publish","4":"has-post-thumbnail","6":"product_brand-neoretin","7":"product_cat-bez-kategorijas","8":"product_tag-cantabria-labs-neoretin-sejas-kopsana-sejas-serumi-serums","11":"first","12":"instock","13":"purchasable","14":"product-type-simple"},"_links":{"self":[{"href":"https:\/\/ajaesthetics.org\/ru\/wp-json\/wp\/v2\/product\/49562","targetHints":{"allow":["GET"]}}],"collection":[{"href":"https:\/\/ajaesthetics.org\/ru\/wp-json\/wp\/v2\/product"}],"about":[{"href":"https:\/\/ajaesthetics.org\/ru\/wp-json\/wp\/v2\/types\/product"}],"replies":[{"embeddable":true,"href":"https:\/\/ajaesthetics.org\/ru\/wp-json\/wp\/v2\/comments?post=49562"}],"wp:featuredmedia":[{"embeddable":true,"href":"https:\/\/ajaesthetics.org\/ru\/wp-json\/wp\/v2\/media\/49566"}],"wp:attachment":[{"href":"https:\/\/ajaesthetics.org\/ru\/wp-json\/wp\/v2\/media?parent=49562"}],"wp:term":[{"taxonomy":"product_brand","embeddable":true,"href":"https:\/\/ajaesthetics.org\/ru\/wp-json\/wp\/v2\/product_brand?post=49562"},{"taxonomy":"product_cat","embeddable":true,"href":"https:\/\/ajaesthetics.org\/ru\/wp-json\/wp\/v2\/product_cat?post=49562"},{"taxonomy":"product_tag","embeddable":true,"href":"https:\/\/ajaesthetics.org\/ru\/wp-json\/wp\/v2\/product_tag?post=49562"}],"curies":[{"name":"wp","href":"https:\/\/api.w.org\/{rel}","templated":true}]}}