{"id":49567,"date":"2026-04-19T16:39:26","date_gmt":"2026-04-19T16:39:26","guid":{"rendered":"https:\/\/ajaesthetics.org\/product\/endo-glycoperfect-az-intensive-serums-50-ml\/"},"modified":"2026-04-19T16:39:26","modified_gmt":"2026-04-19T16:39:26","slug":"endo-glycoperfect-az-intensive-serums-50-ml","status":"publish","type":"product","link":"https:\/\/ajaesthetics.org\/ru\/product\/endo-glycoperfect-az-intensive-serums-50-ml\/","title":{"rendered":"ENDO GLYCOPERFECT [AZ] INTENSIVE SERUMS, 50 ML"},"content":{"rendered":"<p>Intens\u012bvs atjaunojo\u0161s, vieglas konsistences eksfoli\u0113jo\u0161s serums.<\/p>\n<p><br data-mce-fragment=\"1\">Formula ir bag\u0101tin\u0101ta ar glikolsk\u0101bi un Azela\u012bnsk\u0101bes AOX tehnolo\u0123iju, ekskluz\u012bvu patent\u0113tu tehnolo\u0123iju, kas palielina azela\u012bnsk\u0101bes iedarb\u012bbu l\u012bdz 5 reiz\u0113m. Papildus pievienotas mitrino\u0161as, nomierino\u0161as sast\u0101vda\u013cas. Serums paredz\u0113ts taukainai, kombin\u0113tai, problem\u0101tiskai \u0101dai ar izsitumiem, \u0101dai ar noveco\u0161an\u0101s paz\u012bm\u0113m. Uzlabo \u0101das tekst\u016bru, izl\u012bdzina \u0101das toni, gai\u0161ina, mazina smalk\u0101s l\u012bnijas un grumbi\u0146as.<\/p>\n<p><br data-mce-fragment=\"1\"><strong>Priek\u0161roc\u012bbas:<\/strong><br data-mce-fragment=\"1\"><\/p>\n<ul>\n<li>Eksfoli\u0113jo\u0161s, atjaunojo\u0161s serums<\/li>\n<li>Nekomedog\u0113ns<\/li>\n<li>Dermatolo\u0123iski p\u0101rbaud\u012bts<\/li>\n<\/ul>\n<p><strong>Akt\u012bv\u0101s sast\u0101vda\u013cas:\u00a0<\/strong>AzelaicAox Tech komplekss + Azeloglycine; 20 AHA: Glikolsk\u0101be 18% + Citronsk\u0101be 2%. Mitrino\u0161as un nomierino\u0161as akt\u012bv\u0101s sast\u0101vda\u013cas<\/p>\n<p><br data-mce-fragment=\"1\"><strong>Lieto\u0161ana:<\/strong> uzkl\u0101t uz t\u012bras un sausas sejas un kakla \u0101das vakar\u0101. P\u0113clieto\u0161anas uzkl\u0101jiet saules aizsargl\u012bdzekli.<\/p>","protected":false},"excerpt":{"rendered":"<p>Intens\u012bvs atjaunojo\u0161s, vieglas konsistences eksfoli\u0113jo\u0161s serums. Formula ir bag\u0101tin\u0101ta ar glikolsk\u0101bi un Azela\u012bnsk\u0101bes AOX tehnolo\u0123iju, ekskluz\u012bvu patent\u0113tu tehnolo\u0123iju, kas palielina azela\u012bnsk\u0101bes iedarb\u012bbu l\u012bdz 5 reiz\u0113m. Papildus pievienotas mitrino\u0161as, nomierino\u0161as sast\u0101vda\u013cas. Serums paredz\u0113ts taukainai, kombin\u0113tai, problem\u0101tiskai \u0101dai ar izsitumiem, \u0101dai ar noveco\u0161an\u0101s paz\u012bm\u0113m. Uzlabo \u0101das tekst\u016bru, izl\u012bdzina \u0101das toni, gai\u0161ina, mazina smalk\u0101s l\u012bnijas un grumbi\u0146as. Priek\u0161roc\u012bbas: [&hellip;]<\/p>\n","protected":false},"featured_media":49568,"comment_status":"closed","ping_status":"open","template":"","meta":[],"product_brand":[191],"product_cat":[16],"product_tag":[262],"class_list":{"0":"post-49567","1":"product","2":"type-product","3":"status-publish","4":"has-post-thumbnail","6":"product_brand-endocare","7":"product_cat-bez-kategorijas","8":"product_tag-azelainskabe-cantabria-cantabria-labs-eksfolie-endocare-glikolskabe-kosmetika-pretnovecosanas-sejas-gels-sejas-kopsana-sejas-serumi-sejas-serums-serums","11":"first","12":"instock","13":"purchasable","14":"product-type-simple"},"_links":{"self":[{"href":"https:\/\/ajaesthetics.org\/ru\/wp-json\/wp\/v2\/product\/49567","targetHints":{"allow":["GET"]}}],"collection":[{"href":"https:\/\/ajaesthetics.org\/ru\/wp-json\/wp\/v2\/product"}],"about":[{"href":"https:\/\/ajaesthetics.org\/ru\/wp-json\/wp\/v2\/types\/product"}],"replies":[{"embeddable":true,"href":"https:\/\/ajaesthetics.org\/ru\/wp-json\/wp\/v2\/comments?post=49567"}],"wp:featuredmedia":[{"embeddable":true,"href":"https:\/\/ajaesthetics.org\/ru\/wp-json\/wp\/v2\/media\/49568"}],"wp:attachment":[{"href":"https:\/\/ajaesthetics.org\/ru\/wp-json\/wp\/v2\/media?parent=49567"}],"wp:term":[{"taxonomy":"product_brand","embeddable":true,"href":"https:\/\/ajaesthetics.org\/ru\/wp-json\/wp\/v2\/product_brand?post=49567"},{"taxonomy":"product_cat","embeddable":true,"href":"https:\/\/ajaesthetics.org\/ru\/wp-json\/wp\/v2\/product_cat?post=49567"},{"taxonomy":"product_tag","embeddable":true,"href":"https:\/\/ajaesthetics.org\/ru\/wp-json\/wp\/v2\/product_tag?post=49567"}],"curies":[{"name":"wp","href":"https:\/\/api.w.org\/{rel}","templated":true}]}}