{"id":49569,"date":"2026-04-19T16:39:33","date_gmt":"2026-04-19T16:39:33","guid":{"rendered":"https:\/\/ajaesthetics.org\/product\/endocare-hyaluboost-age-barrier-serum-mitrinoss-serums-ar-niacinamidu-hialuronskabi-30-ml\/"},"modified":"2026-04-19T16:39:34","modified_gmt":"2026-04-19T16:39:34","slug":"endocare-hyaluboost-age-barrier-serum-mitrinoss-serums-ar-niacinamidu-hialuronskabi-30-ml","status":"publish","type":"product","link":"https:\/\/ajaesthetics.org\/ru\/product\/endocare-hyaluboost-age-barrier-serum-mitrinoss-serums-ar-niacinamidu-hialuronskabi-30-ml\/","title":{"rendered":"ENDOCARE HYALUBOOST AGE BARRIER SERUM | Mitrino\u0161s serums ar niacinam\u012bdu, hialuronsk\u0101bi 30 ML"},"content":{"rendered":"<p>Mitrino\u0161s, nomierino\u0161s serums ar hialuronsk\u0101bi un niacinam\u012bdu.<\/p>\n<p><br data-mce-fragment=\"1\">Izstr\u0101d\u0101ts ar patent\u0113tu EDAFENCE tehnolo\u0123iju, kas nodro\u0161ina antioksidat\u012bvu efektu, aizsarg\u0101 \u0101du no apk\u0101rt\u0113j\u0101s vides pies\u0101r\u0146ojuma. Kombin\u0101cij\u0101 ar niacinam\u012bdu, augstas un zemas molekulmasas hialuronsk\u0101bi ilgsto\u0161i mitrina, nomierina \u0101du un aizsarg\u0101.<\/p>\n<p><br data-mce-fragment=\"1\"><strong>Priek\u0161roc\u012bbas:<\/strong><br data-mce-fragment=\"1\"><\/p>\n<ul>\n<li>Akt\u012bvs pretnoveco\u0161an\u0101s efekts &#8211; EDAFENCE\u00ae tehnolo\u0123ija un niacinam\u012bds siner\u0123ij\u0101 nodro\u0161ina efekt\u012bvu atjaunojo\u0161u efektu, vienlaikus stiprinot \u0101das barjeru.<\/li>\n<li>Intens\u012bva mitrin\u0101\u0161ana &#8211; unik\u0101la da\u017e\u0101du molekulmasu hialuronsk\u0101bes kombin\u0101cija, nodro\u0161ina dzi\u013cu un ilgsto\u0161u mitrin\u0101\u0161anu.<\/li>\n<li>Elast\u012bga un gluda \u0101da: pal\u012bdz stiprin\u0101t \u0101das dabisk\u0101s aizsargsp\u0113jas jaunekl\u012bg\u0101kam izskatam.<\/li>\n<\/ul>\n<p><strong>Akt\u012bv\u0101s sast\u0101vda\u013cas:<\/strong> Niacinam\u012bds, augstas un zemas molekulmasas hialuronsk\u0101be, EDAFENCE tehnolo\u0123ija, silanols, vitam\u012bns B5.<\/p>\n<p><strong>Lieto\u0161ana:<\/strong> Uzkl\u0101jiet uz t\u012bras, sausas \u0101das divas reizes dien\u0101, no r\u012bta un vakar\u0101.<\/p>\n<p><strong>Sast\u0101vda\u013cu saraksts: <\/strong>Aqua, Niacinamide, Glycerine, Butylene Glycol, Bis-PEG-12 Dimethicone, Propanediol, Methylsilanol Hydroxyproline Aspartate, Panthenol, Sodium Phytate, Sodium Hyaluronate, Deschampsia Antarctica Leaf Extract, Arginine, Gluconolactone, Calcium Gluconate, Zea Mays Starch, Xanthan Gum, Ethylhexylglycerin, Sodium Benzoate, Parfum<\/p>\n<div id=\"inci-warning\"><\/div>\n<p>\u00a0<\/p>","protected":false},"excerpt":{"rendered":"<p>Mitrino\u0161s, nomierino\u0161s serums ar hialuronsk\u0101bi un niacinam\u012bdu. Izstr\u0101d\u0101ts ar patent\u0113tu EDAFENCE tehnolo\u0123iju, kas nodro\u0161ina antioksidat\u012bvu efektu, aizsarg\u0101 \u0101du no apk\u0101rt\u0113j\u0101s vides pies\u0101r\u0146ojuma. Kombin\u0101cij\u0101 ar niacinam\u012bdu, augstas un zemas molekulmasas hialuronsk\u0101bi ilgsto\u0161i mitrina, nomierina \u0101du un aizsarg\u0101. Priek\u0161roc\u012bbas: Akt\u012bvs pretnoveco\u0161an\u0101s efekts &#8211; EDAFENCE\u00ae tehnolo\u0123ija un niacinam\u012bds siner\u0123ij\u0101 nodro\u0161ina efekt\u012bvu atjaunojo\u0161u efektu, vienlaikus stiprinot \u0101das barjeru. Intens\u012bva [&hellip;]<\/p>\n","protected":false},"featured_media":49570,"comment_status":"closed","ping_status":"open","template":"","meta":[],"product_brand":[191],"product_cat":[16],"product_tag":[],"class_list":{"0":"post-49569","1":"product","2":"type-product","3":"status-publish","4":"has-post-thumbnail","6":"product_brand-endocare","7":"product_cat-bez-kategorijas","10":"first","11":"instock","12":"purchasable","13":"product-type-simple"},"_links":{"self":[{"href":"https:\/\/ajaesthetics.org\/ru\/wp-json\/wp\/v2\/product\/49569","targetHints":{"allow":["GET"]}}],"collection":[{"href":"https:\/\/ajaesthetics.org\/ru\/wp-json\/wp\/v2\/product"}],"about":[{"href":"https:\/\/ajaesthetics.org\/ru\/wp-json\/wp\/v2\/types\/product"}],"replies":[{"embeddable":true,"href":"https:\/\/ajaesthetics.org\/ru\/wp-json\/wp\/v2\/comments?post=49569"}],"wp:featuredmedia":[{"embeddable":true,"href":"https:\/\/ajaesthetics.org\/ru\/wp-json\/wp\/v2\/media\/49570"}],"wp:attachment":[{"href":"https:\/\/ajaesthetics.org\/ru\/wp-json\/wp\/v2\/media?parent=49569"}],"wp:term":[{"taxonomy":"product_brand","embeddable":true,"href":"https:\/\/ajaesthetics.org\/ru\/wp-json\/wp\/v2\/product_brand?post=49569"},{"taxonomy":"product_cat","embeddable":true,"href":"https:\/\/ajaesthetics.org\/ru\/wp-json\/wp\/v2\/product_cat?post=49569"},{"taxonomy":"product_tag","embeddable":true,"href":"https:\/\/ajaesthetics.org\/ru\/wp-json\/wp\/v2\/product_tag?post=49569"}],"curies":[{"name":"wp","href":"https:\/\/api.w.org\/{rel}","templated":true}]}}