{"id":49571,"date":"2026-04-19T16:39:38","date_gmt":"2026-04-19T16:39:38","guid":{"rendered":"https:\/\/ajaesthetics.org\/product\/heliocare-360-airgel-spf50-putas-spf50-60-ml\/"},"modified":"2026-04-19T16:39:38","modified_gmt":"2026-04-19T16:39:38","slug":"heliocare-360-airgel-spf50-putas-spf50-60-ml","status":"publish","type":"product","link":"https:\/\/ajaesthetics.org\/ru\/product\/heliocare-360-airgel-spf50-putas-spf50-60-ml\/","title":{"rendered":"HELIOCARE 360\u00b0 AIRGEL SPF50+ | Putas SPF50+, 60 ml"},"content":{"rendered":"<p>Gels ar gais\u012bgu putu tekst\u016bru, pie\u0161\u0137ir \u0101dai svaiguma saj\u016btu. T\u0101 dozators<br data-mce-fragment=\"1\">kontrol\u0113 izlietot\u0101 produkta daudzumu. Pateicoties nomierino\u0161aj\u0101m<br data-mce-fragment=\"1\">sast\u0101vda\u013c\u0101m un antikosidantu iedarb\u012bbai, piem\u0113rots jut\u012bgai, taukainai<br data-mce-fragment=\"1\">\u0101dai. Ar Fernblock\u00ae+ intens\u012bvai antioksidantu iedarb\u012bbai. Aizsarg\u0101 pret 4<br data-mce-fragment=\"1\">starojuma veidiem (UVB, UVA, redzamo un infrasarkano), neitraliz\u0113 un<br data-mce-fragment=\"1\">atjauno saules rad\u012btos boj\u0101jumus.<\/p>\n<p><strong>Priek\u0161roc\u012bbas:<\/strong><br data-mce-fragment=\"1\"><\/p>\n<ul>\n<li>Pla\u0161a spektra aizsardz\u012bba (SPF50+, PA++++, redzam\u0101 un\u00a0infrasarkan\u0101)<\/li>\n<li>Saules rad\u012bto boj\u0101jumu nov\u0113r\u0161ana<\/li>\n<li>Antioksidanta iedarb\u012bba<\/li>\n<li>Bezgaisa iepakojums ar dozatoru<\/li>\n<li>Nekomedog\u0113ns<\/li>\n<li>Dermatolo\u0123iski p\u0101rbaud\u012bts<\/li>\n<li>Oftalmolo\u0123iski p\u0101rbaud\u012bts<\/li>\n<\/ul>\n<p><strong>Lieto\u0161ana:<\/strong> pirms lieto\u0161anas sakratiet un nelielu daudzumu uzkl\u0101jiet uz\u00a0rokas, bag\u0101t\u012bgi un vienm\u0113r\u012bgi uzkl\u0101jiet pirms saules iedarb\u012bbas. Atk\u0101rtoti<br data-mce-fragment=\"1\">aplic\u0113jiet p\u0113c peld\u0113\u0161an\u0101s vai sp\u0113c\u012bgas sv\u012b\u0161anas.<\/p>","protected":false},"excerpt":{"rendered":"<p>Gels ar gais\u012bgu putu tekst\u016bru, pie\u0161\u0137ir \u0101dai svaiguma saj\u016btu. T\u0101 dozatorskontrol\u0113 izlietot\u0101 produkta daudzumu. Pateicoties nomierino\u0161aj\u0101msast\u0101vda\u013c\u0101m un antikosidantu iedarb\u012bbai, piem\u0113rots jut\u012bgai, taukainai\u0101dai. Ar Fernblock\u00ae+ intens\u012bvai antioksidantu iedarb\u012bbai. Aizsarg\u0101 pret 4starojuma veidiem (UVB, UVA, redzamo un infrasarkano), neitraliz\u0113 unatjauno saules rad\u012btos boj\u0101jumus. Priek\u0161roc\u012bbas: Pla\u0161a spektra aizsardz\u012bba (SPF50+, PA++++, redzam\u0101 un\u00a0infrasarkan\u0101) Saules rad\u012bto boj\u0101jumu nov\u0113r\u0161ana Antioksidanta iedarb\u012bba [&hellip;]<\/p>\n","protected":false},"featured_media":49572,"comment_status":"closed","ping_status":"open","template":"","meta":[],"product_brand":[172],"product_cat":[16],"product_tag":[263],"class_list":{"0":"post-49571","1":"product","2":"type-product","3":"status-publish","4":"has-post-thumbnail","6":"product_brand-heliocare","7":"product_cat-bez-kategorijas","8":"product_tag-cantabria-labs-heliocare-saules-aizsardziba-sejas-gels-spf-spf-aizsardziba","11":"first","12":"instock","13":"purchasable","14":"product-type-simple"},"_links":{"self":[{"href":"https:\/\/ajaesthetics.org\/ru\/wp-json\/wp\/v2\/product\/49571","targetHints":{"allow":["GET"]}}],"collection":[{"href":"https:\/\/ajaesthetics.org\/ru\/wp-json\/wp\/v2\/product"}],"about":[{"href":"https:\/\/ajaesthetics.org\/ru\/wp-json\/wp\/v2\/types\/product"}],"replies":[{"embeddable":true,"href":"https:\/\/ajaesthetics.org\/ru\/wp-json\/wp\/v2\/comments?post=49571"}],"wp:featuredmedia":[{"embeddable":true,"href":"https:\/\/ajaesthetics.org\/ru\/wp-json\/wp\/v2\/media\/49572"}],"wp:attachment":[{"href":"https:\/\/ajaesthetics.org\/ru\/wp-json\/wp\/v2\/media?parent=49571"}],"wp:term":[{"taxonomy":"product_brand","embeddable":true,"href":"https:\/\/ajaesthetics.org\/ru\/wp-json\/wp\/v2\/product_brand?post=49571"},{"taxonomy":"product_cat","embeddable":true,"href":"https:\/\/ajaesthetics.org\/ru\/wp-json\/wp\/v2\/product_cat?post=49571"},{"taxonomy":"product_tag","embeddable":true,"href":"https:\/\/ajaesthetics.org\/ru\/wp-json\/wp\/v2\/product_tag?post=49571"}],"curies":[{"name":"wp","href":"https:\/\/api.w.org\/{rel}","templated":true}]}}