{"id":49573,"date":"2026-04-19T16:39:40","date_gmt":"2026-04-19T16:39:40","guid":{"rendered":"https:\/\/ajaesthetics.org\/product\/iraltone-exfoliating-shampoo-galvas-adu-eksfoliejoss-sampuns-200-ml\/"},"modified":"2026-04-19T16:39:40","modified_gmt":"2026-04-19T16:39:40","slug":"iraltone-exfoliating-shampoo-galvas-adu-eksfoliejoss-sampuns-200-ml","status":"publish","type":"product","link":"https:\/\/ajaesthetics.org\/ru\/product\/iraltone-exfoliating-shampoo-galvas-adu-eksfoliejoss-sampuns-200-ml\/","title":{"rendered":"IRALTONE EXFOLIATING SHAMPOO | Galvas \u0101du eksfoli\u0113jo\u0161s \u0161amp\u016bns, 200 ml"},"content":{"rendered":"<p>Galvas \u0101du eksfoli\u0113jo\u0161s\u00a0\u0161amp\u016bns, kas pal\u012bdz samazin\u0101t blaugznas un galvas \u0101das lob\u012b\u0161anos. Regul\u0101ri lietojot, tiek nodro\u0161in\u0101ts ilgsto\u0161s rezult\u0101ts pat l\u012bdz 2 ned\u0113\u013c\u0101m p\u0113c p\u0113d\u0113j\u0101s mazg\u0101\u0161anas reizes.<\/p>\n<p>Akt\u012bv\u0101s sast\u0101vda\u013cas iedarbojas uz galvas \u0101das matu folikulu, dzi\u013ci att\u012brot galvas \u0101du, neizjaucot galvas \u0101das hidrolip\u012bdu l\u012bdzsvaru. Pal\u012bdz saglab\u0101t galvas \u0101du t\u012bru un nov\u0113r\u0161 sausu blaugznu veido\u0161anos. Nom\u0101c aps\u0101rtumu, galvas \u0101das niezi, mitrina \u0101du. Ieteicams lietot pirms galvas \u0101das proced\u016br\u0101m, piem\u0113ram, matu transplant\u0101cijas vai\u00a0vieglas galvas \u0101das psori\u0101zes, seborejisk\u0101 dermat\u012bta \u0101rst\u0113\u0161anas.\u00a0<\/p>\n<p><strong>Akt\u012bv\u0101s sast\u0101vda\u013cas:<\/strong> 2% salicilsk\u0101be, piroktona olam\u012bns, Plantasil Micro (j\u016brasz\u0101les) mitrino\u0161\u0101 emulsija.<\/p>\n<p><strong>Lieto\u0161ana:<\/strong> Ieteicams lietot vismaz 3 reizes ned\u0113\u013c\u0101. Iemas\u0113jiet galvas \u0101d\u0101 un turiet 3 min\u016btes, r\u016bp\u012bgi izskalojiet. V\u0113l lab\u0101kam rezult\u0101tam, lietojiet to kop\u0101 ar Iraltone produktiem.<\/p>\n<p>Piem\u0113rots visiem matu tipiem.<\/p>","protected":false},"excerpt":{"rendered":"<p>Galvas \u0101du eksfoli\u0113jo\u0161s\u00a0\u0161amp\u016bns, kas pal\u012bdz samazin\u0101t blaugznas un galvas \u0101das lob\u012b\u0161anos. Regul\u0101ri lietojot, tiek nodro\u0161in\u0101ts ilgsto\u0161s rezult\u0101ts pat l\u012bdz 2 ned\u0113\u013c\u0101m p\u0113c p\u0113d\u0113j\u0101s mazg\u0101\u0161anas reizes. Akt\u012bv\u0101s sast\u0101vda\u013cas iedarbojas uz galvas \u0101das matu folikulu, dzi\u013ci att\u012brot galvas \u0101du, neizjaucot galvas \u0101das hidrolip\u012bdu l\u012bdzsvaru. Pal\u012bdz saglab\u0101t galvas \u0101du t\u012bru un nov\u0113r\u0161 sausu blaugznu veido\u0161anos. Nom\u0101c aps\u0101rtumu, galvas [&hellip;]<\/p>\n","protected":false},"featured_media":49574,"comment_status":"closed","ping_status":"open","template":"","meta":[],"product_brand":[217],"product_cat":[161],"product_tag":[264],"class_list":{"0":"post-49573","1":"product","2":"type-product","3":"status-publish","4":"has-post-thumbnail","6":"product_brand-iraltone","7":"product_cat-skaistums-un-veseliba","8":"product_tag-cantabria-cantabria-labs-galvas-ada-galvas-adas-kopsana-iraltone-sampuns","11":"first","12":"instock","13":"purchasable","14":"product-type-simple"},"_links":{"self":[{"href":"https:\/\/ajaesthetics.org\/ru\/wp-json\/wp\/v2\/product\/49573","targetHints":{"allow":["GET"]}}],"collection":[{"href":"https:\/\/ajaesthetics.org\/ru\/wp-json\/wp\/v2\/product"}],"about":[{"href":"https:\/\/ajaesthetics.org\/ru\/wp-json\/wp\/v2\/types\/product"}],"replies":[{"embeddable":true,"href":"https:\/\/ajaesthetics.org\/ru\/wp-json\/wp\/v2\/comments?post=49573"}],"wp:featuredmedia":[{"embeddable":true,"href":"https:\/\/ajaesthetics.org\/ru\/wp-json\/wp\/v2\/media\/49574"}],"wp:attachment":[{"href":"https:\/\/ajaesthetics.org\/ru\/wp-json\/wp\/v2\/media?parent=49573"}],"wp:term":[{"taxonomy":"product_brand","embeddable":true,"href":"https:\/\/ajaesthetics.org\/ru\/wp-json\/wp\/v2\/product_brand?post=49573"},{"taxonomy":"product_cat","embeddable":true,"href":"https:\/\/ajaesthetics.org\/ru\/wp-json\/wp\/v2\/product_cat?post=49573"},{"taxonomy":"product_tag","embeddable":true,"href":"https:\/\/ajaesthetics.org\/ru\/wp-json\/wp\/v2\/product_tag?post=49573"}],"curies":[{"name":"wp","href":"https:\/\/api.w.org\/{rel}","templated":true}]}}