{"id":49575,"date":"2026-04-19T16:39:42","date_gmt":"2026-04-19T16:39:42","guid":{"rendered":"https:\/\/ajaesthetics.org\/product\/biretix-dermatological-bar-i-dermatologiskas-ziepes-ar-2-salicilskabi-80g\/"},"modified":"2026-04-19T16:39:42","modified_gmt":"2026-04-19T16:39:42","slug":"biretix-dermatological-bar-i-dermatologiskas-ziepes-ar-2-salicilskabi-80g","status":"publish","type":"product","link":"https:\/\/ajaesthetics.org\/ru\/product\/biretix-dermatological-bar-i-dermatologiskas-ziepes-ar-2-salicilskabi-80g\/","title":{"rendered":"BIRETIX DERMATOLOGICAL BAR I Dermatolo\u0123iskas ziepes ar 2% salicilsk\u0101bi, 80g"},"content":{"rendered":"<p>Ziepes\u00a0ar antibakteri\u0101l\u0101m un sebumu regul\u0113jo\u0161\u0101m akt\u012bv\u0101m sast\u0101vda\u013c\u0101m, uzlabo \u0101das izskatu un dzi\u013ci att\u012bra, neizmainot \u0101das pH.\u00a0<\/p>\n<p>Izstr\u0101d\u0101ts ar Syndet tehnolo\u0123iju, kam ir labas puto\u0161anas un t\u012br\u012b\u0161anas \u012bpa\u0161\u012bbas. Paredz\u0113ts \u0101dai ar noslieci uz pinn\u0113m.<br data-mce-fragment=\"1\"><br data-mce-fragment=\"1\">Priek\u0161roc\u012bbas:<br data-mce-fragment=\"1\"><\/p>\n<ul>\n<li>Eksfoli\u0113jo\u0161s efekts;<\/li>\n<li>Mat\u0113ts efekts;<\/li>\n<li>Samazina iekaisumu un aps\u0101rtumu;<\/li>\n<li>Sebumu regul\u0113jo\u0161a un antibakteri\u0101la iedarb\u012bba;<\/li>\n<li>Nesatur alerg\u0113nus;<\/li>\n<li>Dermatolo\u0123iski p\u0101rbaud\u012bts.<\/li>\n<\/ul>\n<p>Akt\u012bv\u0101s sast\u0101vda\u013cas:<br data-mce-fragment=\"1\"><\/p>\n<ul>\n<li>Syndet b\u0101ze;<\/li>\n<li>2% Salicilsk\u0101be;<\/li>\n<li>Niacinam\u012bds;<\/li>\n<li>BIOPEP-15;<\/li>\n<li>Cinka sulf\u0101ts.<\/li>\n<\/ul>\n<p>Lieto\u0161ana: ikdienas lieto\u0161anai no r\u012bta un vakar\u0101. Uzkl\u0101jiet uz mitras sejas un\/vai \u0137erme\u0146a \u0101das. Noskalojiet p\u0113c produkta uzkl\u0101\u0161anas uz \u0101das.<br data-mce-fragment=\"1\">\u200b<\/p>","protected":false},"excerpt":{"rendered":"<p>\ufeffZiepes\u00a0ar antibakteri\u0101l\u0101m un sebumu regul\u0113jo\u0161\u0101m akt\u012bv\u0101m sast\u0101vda\u013c\u0101m, uzlabo \u0101das izskatu un dzi\u013ci att\u012bra, neizmainot \u0101das pH.\u00a0 Izstr\u0101d\u0101ts ar Syndet tehnolo\u0123iju, kam ir labas puto\u0161anas un t\u012br\u012b\u0161anas \u012bpa\u0161\u012bbas. Paredz\u0113ts \u0101dai ar noslieci uz pinn\u0113m.Priek\u0161roc\u012bbas: Eksfoli\u0113jo\u0161s efekts; Mat\u0113ts efekts; Samazina iekaisumu un aps\u0101rtumu; Sebumu regul\u0113jo\u0161a un antibakteri\u0101la iedarb\u012bba; Nesatur alerg\u0113nus; Dermatolo\u0123iski p\u0101rbaud\u012bts. Akt\u012bv\u0101s sast\u0101vda\u013cas: Syndet b\u0101ze; 2% [&hellip;]<\/p>\n","protected":false},"featured_media":49576,"comment_status":"closed","ping_status":"open","template":"","meta":[],"product_brand":[208],"product_cat":[161],"product_tag":[265],"class_list":{"0":"post-49575","1":"product","2":"type-product","3":"status-publish","4":"has-post-thumbnail","6":"product_brand-biretix","7":"product_cat-skaistums-un-veseliba","8":"product_tag-biretix-cantabria-cantabria-labs-ziepes","11":"first","12":"instock","13":"purchasable","14":"product-type-simple"},"_links":{"self":[{"href":"https:\/\/ajaesthetics.org\/ru\/wp-json\/wp\/v2\/product\/49575","targetHints":{"allow":["GET"]}}],"collection":[{"href":"https:\/\/ajaesthetics.org\/ru\/wp-json\/wp\/v2\/product"}],"about":[{"href":"https:\/\/ajaesthetics.org\/ru\/wp-json\/wp\/v2\/types\/product"}],"replies":[{"embeddable":true,"href":"https:\/\/ajaesthetics.org\/ru\/wp-json\/wp\/v2\/comments?post=49575"}],"wp:featuredmedia":[{"embeddable":true,"href":"https:\/\/ajaesthetics.org\/ru\/wp-json\/wp\/v2\/media\/49576"}],"wp:attachment":[{"href":"https:\/\/ajaesthetics.org\/ru\/wp-json\/wp\/v2\/media?parent=49575"}],"wp:term":[{"taxonomy":"product_brand","embeddable":true,"href":"https:\/\/ajaesthetics.org\/ru\/wp-json\/wp\/v2\/product_brand?post=49575"},{"taxonomy":"product_cat","embeddable":true,"href":"https:\/\/ajaesthetics.org\/ru\/wp-json\/wp\/v2\/product_cat?post=49575"},{"taxonomy":"product_tag","embeddable":true,"href":"https:\/\/ajaesthetics.org\/ru\/wp-json\/wp\/v2\/product_tag?post=49575"}],"curies":[{"name":"wp","href":"https:\/\/api.w.org\/{rel}","templated":true}]}}