{"id":49577,"date":"2026-04-19T16:39:44","date_gmt":"2026-04-19T16:39:44","guid":{"rendered":"https:\/\/ajaesthetics.org\/product\/biretix-oil-control-solution-i-sebumu-regulejoss-toniks-100-ml\/"},"modified":"2026-04-19T16:39:44","modified_gmt":"2026-04-19T16:39:44","slug":"biretix-oil-control-solution-i-sebumu-regulejoss-toniks-100-ml","status":"publish","type":"product","link":"https:\/\/ajaesthetics.org\/ru\/product\/biretix-oil-control-solution-i-sebumu-regulejoss-toniks-100-ml\/","title":{"rendered":"BIRETIX OIL CONTROL SOLUTION I Sebumu regul\u0113jo\u0161s toniks, 100 ml"},"content":{"rendered":"<p>Toniks sejas \u0101dai ar tr\u012bsk\u0101r\u0161u efektu &#8211; mat\u0113jo\u0161u, sebumu regul\u0113jo\u0161u un poras samazino\u0161u.<\/p>\n<p>Toniks ar eksfoli\u0113jo\u0161\u0101m un mat\u0113jo\u0161\u0101m \u012bpa\u0161\u012bb\u0101m. Pateicoties glikolsk\u0101bes un mande\u013csk\u0101bes kombin\u0101cijai, tas pal\u012bdz atjaunot epidermu un samazin\u0101t p\u0113ciekaisuma hiperpigment\u0101ciju. Tas ir paredz\u0113ts taukainai un ar pinn\u0113m pak\u013cautai \u0101dai, lai samazin\u0101tu sp\u012bdumu un samazin\u0101tu poras, nesausinot \u0101du. K\u0101 ar\u012b piem\u0113rots jut\u012bgai \u0101dai, jo sast\u0101v\u0101 ir nomierino\u0161as un antioksidat\u012bvas sast\u0101vda\u013cas.<\/p>\n<p><strong>Priek\u0161roc\u012bbas:<\/strong><\/p>\n<ul>\n<li>\u013boti viegla tekst\u016bra un pat\u012bkama smar\u017ea;<\/li>\n<li>Optim\u0101ls pH, piem\u0113rots ar\u012b jut\u012bgai, taukainai un ar pinn\u0113m pak\u013cautai \u0101dai;<\/li>\n<li>Nekomedog\u0113ns;<\/li>\n<li>Dermatolo\u0123iski p\u0101rbaud\u012bts;<\/li>\n<li>Akt\u012bv\u0101s sast\u0101vda\u013cas: 8% glikolsk\u0101be, 1,5% mande\u013csk\u0101be, Pore Reductyl, ro\u017eu ekstrakts.<\/li>\n<\/ul>\n<p>K\u0101 lietot: Uzkl\u0101jiet ar vates tampona vienu vai divas reizes dien\u0101 uz t\u012bras, sausas, att\u012br\u012btas sejas \u0101das, izvairoties no acu zonas.<\/p>","protected":false},"excerpt":{"rendered":"<p>Toniks sejas \u0101dai ar tr\u012bsk\u0101r\u0161u efektu &#8211; mat\u0113jo\u0161u, sebumu regul\u0113jo\u0161u un poras samazino\u0161u. Toniks ar eksfoli\u0113jo\u0161\u0101m un mat\u0113jo\u0161\u0101m \u012bpa\u0161\u012bb\u0101m. Pateicoties glikolsk\u0101bes un mande\u013csk\u0101bes kombin\u0101cijai, tas pal\u012bdz atjaunot epidermu un samazin\u0101t p\u0113ciekaisuma hiperpigment\u0101ciju. Tas ir paredz\u0113ts taukainai un ar pinn\u0113m pak\u013cautai \u0101dai, lai samazin\u0101tu sp\u012bdumu un samazin\u0101tu poras, nesausinot \u0101du. K\u0101 ar\u012b piem\u0113rots jut\u012bgai \u0101dai, jo [&hellip;]<\/p>\n","protected":false},"featured_media":49578,"comment_status":"closed","ping_status":"open","template":"","meta":[],"product_brand":[208],"product_cat":[16],"product_tag":[266],"class_list":{"0":"post-49577","1":"product","2":"type-product","3":"status-publish","4":"has-post-thumbnail","6":"product_brand-biretix","7":"product_cat-bez-kategorijas","8":"product_tag-biretix-cantabria-labs-sejas-toniks","11":"first","12":"instock","13":"purchasable","14":"product-type-simple"},"_links":{"self":[{"href":"https:\/\/ajaesthetics.org\/ru\/wp-json\/wp\/v2\/product\/49577","targetHints":{"allow":["GET"]}}],"collection":[{"href":"https:\/\/ajaesthetics.org\/ru\/wp-json\/wp\/v2\/product"}],"about":[{"href":"https:\/\/ajaesthetics.org\/ru\/wp-json\/wp\/v2\/types\/product"}],"replies":[{"embeddable":true,"href":"https:\/\/ajaesthetics.org\/ru\/wp-json\/wp\/v2\/comments?post=49577"}],"wp:featuredmedia":[{"embeddable":true,"href":"https:\/\/ajaesthetics.org\/ru\/wp-json\/wp\/v2\/media\/49578"}],"wp:attachment":[{"href":"https:\/\/ajaesthetics.org\/ru\/wp-json\/wp\/v2\/media?parent=49577"}],"wp:term":[{"taxonomy":"product_brand","embeddable":true,"href":"https:\/\/ajaesthetics.org\/ru\/wp-json\/wp\/v2\/product_brand?post=49577"},{"taxonomy":"product_cat","embeddable":true,"href":"https:\/\/ajaesthetics.org\/ru\/wp-json\/wp\/v2\/product_cat?post=49577"},{"taxonomy":"product_tag","embeddable":true,"href":"https:\/\/ajaesthetics.org\/ru\/wp-json\/wp\/v2\/product_tag?post=49577"}],"curies":[{"name":"wp","href":"https:\/\/api.w.org\/{rel}","templated":true}]}}