{"id":49579,"date":"2026-04-19T16:39:47","date_gmt":"2026-04-19T16:39:47","guid":{"rendered":"https:\/\/ajaesthetics.org\/product\/heliocare-360-pediatrics-transparent-spray-spf50-caurspidigs-sprejs-berniem-200-ml\/"},"modified":"2026-04-19T16:39:47","modified_gmt":"2026-04-19T16:39:47","slug":"heliocare-360-pediatrics-transparent-spray-spf50-caurspidigs-sprejs-berniem-200-ml","status":"publish","type":"product","link":"https:\/\/ajaesthetics.org\/ru\/product\/heliocare-360-pediatrics-transparent-spray-spf50-caurspidigs-sprejs-berniem-200-ml\/","title":{"rendered":"HELIOCARE 360\u00b0 PEDIATRICS TRANSPARENT SPRAY SPF50+ | Caursp\u012bd\u012bgs sprejs b\u0113rniem, 200 ml"},"content":{"rendered":"<p>Izsmidzin\u0101ms sau\u013co\u0161an\u0101s l\u012bdzeklis b\u0113rniem, viegli ies\u016bcas \u0101d\u0101 un neatst\u0101j baltas pl\u0113v\u012btes efektu. Efekt\u012bvs pat uz mitras \u0101das, pateicoties WET SKIN formulai, kas ir neredzama un \u0101tri ies\u016bcas \u0101d\u0101. Hipoaler\u0123isks, \u016bdens un smil\u0161u iztur\u012bgs produkts. Atbilst visaugst\u0101kaj\u0101m foto aizsardz\u012bbas pras\u012bb\u0101m. Ar Fernblock\u00ae+, specifiskiem filtriem un antioksidantu akt\u012bvaj\u0101m<br data-mce-fragment=\"1\">sast\u0101vda\u013c\u0101m, tas aizsarg\u0101 pret 4 veidu stariem (UVB, UVA, redzamajiem un infrasarkanajiem), neitraliz\u0113 un atjauno saules rad\u012btos boj\u0101jumus. P\u0101rbaud\u012bju\u0161i pediatri un dermatologi.<\/p>\n<p><strong>Priek\u0161roc\u012bbas:<\/strong><br data-mce-fragment=\"1\"><\/p>\n<ul>\n<li>Pla\u0161a spektra aizsardz\u012bba (SPF50+, PA++++, redzam\u0101 un infrasarkan\u0101)<\/li>\n<li>Saules boj\u0101jumu nov\u0113r\u0161ana<\/li>\n<li>Antioksidanta iedarb\u012bba<\/li>\n<li>Efekt\u012bvs uz mitras \u0101das<\/li>\n<li>Neatst\u0101j baltas pl\u0113ves efektu<\/li>\n<li>\u016adens un smil\u0161u iztur\u012bgs<\/li>\n<li>Hipoaler\u0123isks<\/li>\n<\/ul>","protected":false},"excerpt":{"rendered":"<p>Izsmidzin\u0101ms sau\u013co\u0161an\u0101s l\u012bdzeklis b\u0113rniem, viegli ies\u016bcas \u0101d\u0101 un neatst\u0101j baltas pl\u0113v\u012btes efektu. Efekt\u012bvs pat uz mitras \u0101das, pateicoties WET SKIN formulai, kas ir neredzama un \u0101tri ies\u016bcas \u0101d\u0101. Hipoaler\u0123isks, \u016bdens un smil\u0161u iztur\u012bgs produkts. Atbilst visaugst\u0101kaj\u0101m foto aizsardz\u012bbas pras\u012bb\u0101m. Ar Fernblock\u00ae+, specifiskiem filtriem un antioksidantu akt\u012bvaj\u0101msast\u0101vda\u013c\u0101m, tas aizsarg\u0101 pret 4 veidu stariem (UVB, UVA, redzamajiem [&hellip;]<\/p>\n","protected":false},"featured_media":49580,"comment_status":"closed","ping_status":"open","template":"","meta":[],"product_brand":[172],"product_cat":[16],"product_tag":[267],"class_list":{"0":"post-49579","1":"product","2":"type-product","3":"status-publish","4":"has-post-thumbnail","6":"product_brand-heliocare","7":"product_cat-bez-kategorijas","8":"product_tag-berniem-berns-cantabria-spf-spf-aizsardziba-spf-berniem","11":"first","12":"instock","13":"purchasable","14":"product-type-simple"},"_links":{"self":[{"href":"https:\/\/ajaesthetics.org\/ru\/wp-json\/wp\/v2\/product\/49579","targetHints":{"allow":["GET"]}}],"collection":[{"href":"https:\/\/ajaesthetics.org\/ru\/wp-json\/wp\/v2\/product"}],"about":[{"href":"https:\/\/ajaesthetics.org\/ru\/wp-json\/wp\/v2\/types\/product"}],"replies":[{"embeddable":true,"href":"https:\/\/ajaesthetics.org\/ru\/wp-json\/wp\/v2\/comments?post=49579"}],"wp:featuredmedia":[{"embeddable":true,"href":"https:\/\/ajaesthetics.org\/ru\/wp-json\/wp\/v2\/media\/49580"}],"wp:attachment":[{"href":"https:\/\/ajaesthetics.org\/ru\/wp-json\/wp\/v2\/media?parent=49579"}],"wp:term":[{"taxonomy":"product_brand","embeddable":true,"href":"https:\/\/ajaesthetics.org\/ru\/wp-json\/wp\/v2\/product_brand?post=49579"},{"taxonomy":"product_cat","embeddable":true,"href":"https:\/\/ajaesthetics.org\/ru\/wp-json\/wp\/v2\/product_cat?post=49579"},{"taxonomy":"product_tag","embeddable":true,"href":"https:\/\/ajaesthetics.org\/ru\/wp-json\/wp\/v2\/product_tag?post=49579"}],"curies":[{"name":"wp","href":"https:\/\/api.w.org\/{rel}","templated":true}]}}