{"id":49581,"date":"2026-04-19T16:39:48","date_gmt":"2026-04-19T16:39:48","guid":{"rendered":"https:\/\/ajaesthetics.org\/product\/heliocare-360-pediatrics-lotion-spf50-losjons-berniem-spf50-200-ml\/"},"modified":"2026-04-19T16:39:49","modified_gmt":"2026-04-19T16:39:49","slug":"heliocare-360-pediatrics-lotion-spf50-losjons-berniem-spf50-200-ml","status":"publish","type":"product","link":"https:\/\/ajaesthetics.org\/ru\/product\/heliocare-360-pediatrics-lotion-spf50-losjons-berniem-spf50-200-ml\/","title":{"rendered":"HELIOCARE 360\u00b0 PEDIATRICS LOTION SPF50 | Losjons b\u0113rniem SPF50+, 200 ml"},"content":{"rendered":"<p>Vieglas tekst\u016bras sau\u013co\u0161an\u0101s l\u012bdzeklis b\u0113rniem. Losjons viegli kl\u0101jas uz \u0101das un \u0101tri uzs\u016bcas.<br data-mce-fragment=\"1\">Atbilst augst\u0101kajiem fotoaizsardz\u012bbas standartiem. Ar Fernblock\u00ae+, specifiskiem filtriem un antioksidantu akt\u012bvaj\u0101m sast\u0101vda\u013c\u0101m \u0161is losjons aizsarg\u0101 pret 4 starojuma veidiem (UVB,<br data-mce-fragment=\"1\">UVA, redzamo un infrasarkano), neitraliz\u0113 un atjauno saules rad\u012btos boj\u0101jumus. P\u0101rbaud\u012bts pediatra, dermatologa un oftalmologa uzraudz\u012bb\u0101.<\/p>\n<p><strong>Priek\u0161roc\u012bbas:<\/strong><br data-mce-fragment=\"1\"><\/p>\n<ul>\n<li>Pla\u0161a spektra aizsardz\u012bba (SPF50+, PA++++, redzam\u0101 un infrasarkan\u0101)<\/li>\n<li>Saules boj\u0101jumu nov\u0113r\u0161ana<\/li>\n<li>Antioksidanta iedarb\u012bba<\/li>\n<li>Piem\u0113rots jut\u012bgai \u0101dai<\/li>\n<li>Mitrina \u0101du<\/li>\n<li>\u016adensnotur\u012bgs<\/li>\n<li>Hipoaler\u0123isks<\/li>\n<\/ul>","protected":false},"excerpt":{"rendered":"<p>Vieglas tekst\u016bras sau\u013co\u0161an\u0101s l\u012bdzeklis b\u0113rniem. Losjons viegli kl\u0101jas uz \u0101das un \u0101tri uzs\u016bcas.Atbilst augst\u0101kajiem fotoaizsardz\u012bbas standartiem. Ar Fernblock\u00ae+, specifiskiem filtriem un antioksidantu akt\u012bvaj\u0101m sast\u0101vda\u013c\u0101m \u0161is losjons aizsarg\u0101 pret 4 starojuma veidiem (UVB,UVA, redzamo un infrasarkano), neitraliz\u0113 un atjauno saules rad\u012btos boj\u0101jumus. P\u0101rbaud\u012bts pediatra, dermatologa un oftalmologa uzraudz\u012bb\u0101. Priek\u0161roc\u012bbas: Pla\u0161a spektra aizsardz\u012bba (SPF50+, PA++++, redzam\u0101 un [&hellip;]<\/p>\n","protected":false},"featured_media":49582,"comment_status":"closed","ping_status":"open","template":"","meta":[],"product_brand":[172],"product_cat":[268],"product_tag":[269],"class_list":{"0":"post-49581","1":"product","2":"type-product","3":"status-publish","4":"has-post-thumbnail","6":"product_brand-heliocare","7":"product_cat-zidainis-un-mazuli","8":"product_tag-berniem-berns-cantabria-labs-saules-aizsardziba-spf-spf-aizsardziba-kermena-kopsana","11":"first","12":"instock","13":"purchasable","14":"product-type-simple"},"_links":{"self":[{"href":"https:\/\/ajaesthetics.org\/ru\/wp-json\/wp\/v2\/product\/49581","targetHints":{"allow":["GET"]}}],"collection":[{"href":"https:\/\/ajaesthetics.org\/ru\/wp-json\/wp\/v2\/product"}],"about":[{"href":"https:\/\/ajaesthetics.org\/ru\/wp-json\/wp\/v2\/types\/product"}],"replies":[{"embeddable":true,"href":"https:\/\/ajaesthetics.org\/ru\/wp-json\/wp\/v2\/comments?post=49581"}],"wp:featuredmedia":[{"embeddable":true,"href":"https:\/\/ajaesthetics.org\/ru\/wp-json\/wp\/v2\/media\/49582"}],"wp:attachment":[{"href":"https:\/\/ajaesthetics.org\/ru\/wp-json\/wp\/v2\/media?parent=49581"}],"wp:term":[{"taxonomy":"product_brand","embeddable":true,"href":"https:\/\/ajaesthetics.org\/ru\/wp-json\/wp\/v2\/product_brand?post=49581"},{"taxonomy":"product_cat","embeddable":true,"href":"https:\/\/ajaesthetics.org\/ru\/wp-json\/wp\/v2\/product_cat?post=49581"},{"taxonomy":"product_tag","embeddable":true,"href":"https:\/\/ajaesthetics.org\/ru\/wp-json\/wp\/v2\/product_tag?post=49581"}],"curies":[{"name":"wp","href":"https:\/\/api.w.org\/{rel}","templated":true}]}}