{"id":49583,"date":"2026-04-19T16:39:50","date_gmt":"2026-04-19T16:39:50","guid":{"rendered":"https:\/\/ajaesthetics.org\/product\/heliocare-360-invisible-spray-spf50-saulosanas-lidzeklis-ar-spf50-200-ml\/"},"modified":"2026-04-19T16:39:51","modified_gmt":"2026-04-19T16:39:51","slug":"heliocare-360-invisible-spray-spf50-saulosanas-lidzeklis-ar-spf50-200-ml","status":"publish","type":"product","link":"https:\/\/ajaesthetics.org\/ru\/product\/heliocare-360-invisible-spray-spf50-saulosanas-lidzeklis-ar-spf50-200-ml\/","title":{"rendered":"HELIOCARE 360\u00b0 INVISIBLE SPRAY SPF50+ | Sau\u013co\u0161an\u0101s l\u012bdzeklis ar SPF50+, 200 ml"},"content":{"rendered":"<p>Izsmidzin\u0101ms saules aizsargl\u012bdzeklis ar \u013coti augstu fotoim\u016bno aizsardz\u012bbu. Uzlabota filtru kombin\u0101cija pal\u012bdz nov\u0113rst un labot \u0101das boj\u0101jumus, ko izraisa saules gaisma. Mitrina un stiprina \u0101das barjeru. Viegl\u0101 miglas tekst\u016bra izklied\u0113jas uz \u0101das un \u0101tri uzs\u016bcas. \u013boti iztur\u012bgs pret \u016bdeni, smilt\u012bm un sviedriem. Var uzkl\u0101t uz mitras \u0101das. Lieto\u0161anai uz \u0137erme\u0146a.<\/p>\n<p>Fernblock\u00ae+ tehnolo\u0123ija, specifiski filtri un aizsarg\u0101jo\u0161as un antioksidantu akt\u012bv\u0101s sast\u0101vda\u013cas, aizsarg\u0101 pret 4 veidu starojumu (UVB, UVA, redzamo gaismu un infrasarkano starojumu), neitraliz\u0113 un atjauno saules rad\u012btos boj\u0101jumus.<\/p>\n<p><strong>Priek\u0161roc\u012bbas:<\/strong><\/p>\n<ul>\n<li>Pla\u0161a spektra aizsardz\u012bba (SPF50+,PA++++, pret redzamo gaismu un infrasarkanajiem stariem)<\/li>\n<li>Saules rad\u012bto boj\u0101jumu atjauno\u0161ana<\/li>\n<li>Antioksidanta iedarb\u012bba<\/li>\n<li>Mitrino\u0161s efekts.<\/li>\n<li>Viegli uzkl\u0101jams, \u0101tri uzs\u016bcas.<\/li>\n<li><span style=\"font-size: 0.875rem;\">Hipoaler\u0123isks.<\/span><\/li>\n<li><span style=\"font-size: 0.875rem;\">\u016adens, smil\u0161u un sviedru notur\u012bgs.<\/span><\/li>\n<li><span style=\"font-size: 0.875rem;\">Efekt\u012bvs lieto\u0161anai uz mitras \u0101das.<\/span><\/li>\n<li><span style=\"font-size: 0.875rem;\">Nesatur parab\u0113nus<\/span><\/li>\n<li><span style=\"font-size: 0.875rem;\">Piem\u0113rots jut\u012bgai \u0101dai.<\/span><\/li>\n<li>\n<span style=\"font-size: 0.875rem;\">Dermatolo\u0123iski un pediatriski\u00a0<\/span>p\u0101rbaud\u012bts.<\/li>\n<\/ul>\n<p><strong>Akt\u012bv\u0101s sast\u0101vda\u013cas:<\/strong><br \/>Fernblock\u00ae+ tehnolo\u0123ija, Bioshield sist\u0113ma (biomim\u0113tiskais melan\u012bns un OTZ 10), E un C vitam\u012bns, ferul\u012bnsk\u0101be,Camellia sinensis lapu ekstrakts, Helianthus annuus s\u0113klu e\u013c\u013ca.<\/p>","protected":false},"excerpt":{"rendered":"<p>Izsmidzin\u0101ms saules aizsargl\u012bdzeklis ar \u013coti augstu fotoim\u016bno aizsardz\u012bbu. Uzlabota filtru kombin\u0101cija pal\u012bdz nov\u0113rst un labot \u0101das boj\u0101jumus, ko izraisa saules gaisma. Mitrina un stiprina \u0101das barjeru. Viegl\u0101 miglas tekst\u016bra izklied\u0113jas uz \u0101das un \u0101tri uzs\u016bcas. \u013boti iztur\u012bgs pret \u016bdeni, smilt\u012bm un sviedriem. Var uzkl\u0101t uz mitras \u0101das. Lieto\u0161anai uz \u0137erme\u0146a. Fernblock\u00ae+ tehnolo\u0123ija, specifiski filtri un [&hellip;]<\/p>\n","protected":false},"featured_media":49584,"comment_status":"closed","ping_status":"open","template":"","meta":[],"product_brand":[172],"product_cat":[16],"product_tag":[270],"class_list":{"0":"post-49583","1":"product","2":"type-product","3":"status-publish","4":"has-post-thumbnail","6":"product_brand-heliocare","7":"product_cat-bez-kategorijas","8":"product_tag-cantabria-labs-heliocare-spf-spf-aizsardziba-kermena-kopsana","11":"first","12":"instock","13":"purchasable","14":"product-type-simple"},"_links":{"self":[{"href":"https:\/\/ajaesthetics.org\/ru\/wp-json\/wp\/v2\/product\/49583","targetHints":{"allow":["GET"]}}],"collection":[{"href":"https:\/\/ajaesthetics.org\/ru\/wp-json\/wp\/v2\/product"}],"about":[{"href":"https:\/\/ajaesthetics.org\/ru\/wp-json\/wp\/v2\/types\/product"}],"replies":[{"embeddable":true,"href":"https:\/\/ajaesthetics.org\/ru\/wp-json\/wp\/v2\/comments?post=49583"}],"wp:featuredmedia":[{"embeddable":true,"href":"https:\/\/ajaesthetics.org\/ru\/wp-json\/wp\/v2\/media\/49584"}],"wp:attachment":[{"href":"https:\/\/ajaesthetics.org\/ru\/wp-json\/wp\/v2\/media?parent=49583"}],"wp:term":[{"taxonomy":"product_brand","embeddable":true,"href":"https:\/\/ajaesthetics.org\/ru\/wp-json\/wp\/v2\/product_brand?post=49583"},{"taxonomy":"product_cat","embeddable":true,"href":"https:\/\/ajaesthetics.org\/ru\/wp-json\/wp\/v2\/product_cat?post=49583"},{"taxonomy":"product_tag","embeddable":true,"href":"https:\/\/ajaesthetics.org\/ru\/wp-json\/wp\/v2\/product_tag?post=49583"}],"curies":[{"name":"wp","href":"https:\/\/api.w.org\/{rel}","templated":true}]}}