{"id":49585,"date":"2026-04-19T16:39:52","date_gmt":"2026-04-19T16:39:52","guid":{"rendered":"https:\/\/ajaesthetics.org\/product\/endocare-renewal-comfort-cream-pretgrumbu-krems-50-ml\/"},"modified":"2026-04-19T16:39:52","modified_gmt":"2026-04-19T16:39:52","slug":"endocare-renewal-comfort-cream-pretgrumbu-krems-50-ml","status":"publish","type":"product","link":"https:\/\/ajaesthetics.org\/ru\/product\/endocare-renewal-comfort-cream-pretgrumbu-krems-50-ml\/","title":{"rendered":"ENDOCARE RENEWAL COMFORT CREAM | Pretgrumbu kr\u0113ms &#8211; 50 ml"},"content":{"rendered":"<p class=\"_04xlpA direction-ltr align-justify para-style-body\" data-mce-fragment=\"1\"><span class=\"WdYUQQ text-decoration-none text-strikethrough-none\" data-mce-fragment=\"1\">Kr\u0113ms, kas sast\u0101v no mitrino\u0161\u0101m un nomierino\u0161\u0101m akt\u012bvaj\u0101m sast\u0101vda\u013c\u0101m, kas pal\u012bdz nomierin\u0101t kairin\u0101tu \u0101du. RetinSphere\u00ae tehnolo\u0123ija nodro\u0161ina efekt\u012bvu epidermas atjauno\u0161an\u0101s procesu, neizraisot \u0101das kairin\u0101jumu, savuk\u0101rt EDAFENCE\u00ae aizsarg\u0101 \u0101du no \u0101r\u0113jiem agresoriem un stiprina \u0101das barjeru.<\/span><\/p>\n<p class=\"_04xlpA direction-ltr align-justify para-style-body\" data-mce-fragment=\"1\"><strong><span class=\"WdYUQQ text-decoration-none text-strikethrough-none\" data-mce-fragment=\"1\">Priek\u0161roc\u012bbas:<\/span><\/strong><\/p>\n<ul data-mce-fragment=\"1\">\n<li data-mce-fragment=\"1\"><span class=\"WdYUQQ text-decoration-none text-strikethrough-none\" data-mce-fragment=\"1\">Nomierina un mitrina kairin\u0101tu \u0101du.<\/span><\/li>\n<li data-mce-fragment=\"1\"><span class=\"WdYUQQ text-decoration-none text-strikethrough-none\" data-mce-fragment=\"1\">Mazina s\u012bk\u0101s l\u012bnijas un grumbi\u0146as.<\/span><\/li>\n<li data-mce-fragment=\"1\"><span class=\"WdYUQQ text-decoration-none text-strikethrough-none\" data-mce-fragment=\"1\">Atjauno \u0101das barjeru.<\/span><\/li>\n<li data-mce-fragment=\"1\"><span class=\"WdYUQQ text-decoration-none text-strikethrough-none\" data-mce-fragment=\"1\">Nekomedog\u0113ns.<\/span><\/li>\n<li data-mce-fragment=\"1\"><span class=\"WdYUQQ text-decoration-none text-strikethrough-none\" data-mce-fragment=\"1\">Dermatolo\u0123iski un oftalmolo\u0123iski p\u0101rbaud\u012bts.<\/span><\/li>\n<\/ul>\n<p class=\"_04xlpA direction-ltr align-justify para-style-body\" data-mce-fragment=\"1\"><strong><span class=\"WdYUQQ text-decoration-none text-strikethrough-none\" data-mce-fragment=\"1\">Akt\u012bv\u0101s sast\u0101vda\u013cas:<\/span><\/strong><\/p>\n<ul data-mce-fragment=\"1\">\n<li data-mce-fragment=\"1\"><span class=\"WdYUQQ text-decoration-none text-strikethrough-none\" data-mce-fragment=\"1\">EDAFENCE\u00ae komplekss &#8211; sp\u0113c\u012bga aizsardz\u012bba pret vides pies\u0101r\u0146ojumu.<\/span><\/li>\n<li data-mce-fragment=\"1\"><span class=\"WdYUQQ text-decoration-none text-strikethrough-none\" data-mce-fragment=\"1\">Niacinam\u012bds.<\/span><\/li>\n<li data-mce-fragment=\"1\"><span class=\"WdYUQQ text-decoration-none text-strikethrough-none\" data-mce-fragment=\"1\">\u0100du nomierino\u0161as sast\u0101vda\u013cas.<\/span><\/li>\n<li data-mce-fragment=\"1\"><span class=\"WdYUQQ text-decoration-none text-strikethrough-none\" data-mce-fragment=\"1\">RetinSphere\u00ae tehnolo\u0123ija.<\/span><\/li>\n<\/ul>\n<ul data-mce-fragment=\"1\"><\/ul>","protected":false},"excerpt":{"rendered":"<p>Kr\u0113ms, kas sast\u0101v no mitrino\u0161\u0101m un nomierino\u0161\u0101m akt\u012bvaj\u0101m sast\u0101vda\u013c\u0101m, kas pal\u012bdz nomierin\u0101t kairin\u0101tu \u0101du. RetinSphere\u00ae tehnolo\u0123ija nodro\u0161ina efekt\u012bvu epidermas atjauno\u0161an\u0101s procesu, neizraisot \u0101das kairin\u0101jumu, savuk\u0101rt EDAFENCE\u00ae aizsarg\u0101 \u0101du no \u0101r\u0113jiem agresoriem un stiprina \u0101das barjeru. Priek\u0161roc\u012bbas: Nomierina un mitrina kairin\u0101tu \u0101du. Mazina s\u012bk\u0101s l\u012bnijas un grumbi\u0146as. Atjauno \u0101das barjeru. Nekomedog\u0113ns. Dermatolo\u0123iski un oftalmolo\u0123iski p\u0101rbaud\u012bts. Akt\u012bv\u0101s [&hellip;]<\/p>\n","protected":false},"featured_media":49586,"comment_status":"closed","ping_status":"open","template":"","meta":[],"product_brand":[191],"product_cat":[16],"product_tag":[271],"class_list":{"0":"post-49585","1":"product","2":"type-product","3":"status-publish","4":"has-post-thumbnail","6":"product_brand-endocare","7":"product_cat-bez-kategorijas","8":"product_tag-endocare-sejas-krems","11":"first","12":"instock","13":"purchasable","14":"product-type-simple"},"_links":{"self":[{"href":"https:\/\/ajaesthetics.org\/ru\/wp-json\/wp\/v2\/product\/49585","targetHints":{"allow":["GET"]}}],"collection":[{"href":"https:\/\/ajaesthetics.org\/ru\/wp-json\/wp\/v2\/product"}],"about":[{"href":"https:\/\/ajaesthetics.org\/ru\/wp-json\/wp\/v2\/types\/product"}],"replies":[{"embeddable":true,"href":"https:\/\/ajaesthetics.org\/ru\/wp-json\/wp\/v2\/comments?post=49585"}],"wp:featuredmedia":[{"embeddable":true,"href":"https:\/\/ajaesthetics.org\/ru\/wp-json\/wp\/v2\/media\/49586"}],"wp:attachment":[{"href":"https:\/\/ajaesthetics.org\/ru\/wp-json\/wp\/v2\/media?parent=49585"}],"wp:term":[{"taxonomy":"product_brand","embeddable":true,"href":"https:\/\/ajaesthetics.org\/ru\/wp-json\/wp\/v2\/product_brand?post=49585"},{"taxonomy":"product_cat","embeddable":true,"href":"https:\/\/ajaesthetics.org\/ru\/wp-json\/wp\/v2\/product_cat?post=49585"},{"taxonomy":"product_tag","embeddable":true,"href":"https:\/\/ajaesthetics.org\/ru\/wp-json\/wp\/v2\/product_tag?post=49585"}],"curies":[{"name":"wp","href":"https:\/\/api.w.org\/{rel}","templated":true}]}}