{"id":49587,"date":"2026-04-19T16:39:54","date_gmt":"2026-04-19T16:39:54","guid":{"rendered":"https:\/\/ajaesthetics.org\/product\/heliocare-360-gel-oil-free-with-tone-bronze-spf50-saules-aisargajoss-gels-taukainai-adai-ar-toni-bronze-spf50-50ml\/"},"modified":"2026-04-19T16:39:54","modified_gmt":"2026-04-19T16:39:54","slug":"heliocare-360-gel-oil-free-with-tone-bronze-spf50-saules-aisargajoss-gels-taukainai-adai-ar-toni-bronze-spf50-50ml","status":"publish","type":"product","link":"https:\/\/ajaesthetics.org\/ru\/product\/heliocare-360-gel-oil-free-with-tone-bronze-spf50-saules-aisargajoss-gels-taukainai-adai-ar-toni-bronze-spf50-50ml\/","title":{"rendered":"HELIOCARE 360\u00b0 GEL OIL- FREE WITH TONE (BRONZE) SPF50+ | Saules aisarg\u0101jo\u0161s gels taukainai \u0101dai ar toni (BRONZE) SPF50+, 50ml"},"content":{"rendered":"<p>Fotoim\u016bnaizsardz\u012bba kombin\u0113tai un taukainai \u0101dai ar toni. Izmantojot Fernblock\u00ae+ tehnolo\u0123iju, aizsargfiltrus un atjaunojo\u0161\u0101s un antioksidantu akt\u012bv\u0101s sast\u0101vda\u013cas, tas aizsarg\u0101 pret 4 veidu starojumu (UVB, UVA, redzamo gaismu un infrasarkano starojumu), neitraliz\u0113 un atjauno saules rad\u012btos boj\u0101jumus. \u0160\u0137idras tekst\u016bras, lai rad\u012btu dabisku un vienm\u0113r\u012bgu toni, vienlaikus nosedzot.<\/p>\n<p><strong>Priek\u0161roc\u012bbas:<\/strong><\/p>\n<ul>\n<li>Pla\u0161a spektra saules aizsardz\u012bba (SPF50+, PA++++, pret redzamo gaismu un infrasarkanajiem stariem).<\/li>\n<li>Saules rad\u012bto boj\u0101jumu atjauno\u0161ana.<\/li>\n<li>Antioksidanta iedarb\u012bba.<\/li>\n<li>Seboregul\u0113jo\u0161s un mat\u0113jo\u0161s komplekss.<\/li>\n<li>Sausa piesk\u0101riena efekts.<\/li>\n<li>Nekomedog\u0113ns.<\/li>\n<li>Kombin\u0113tai un taukainai \u0101dai.<\/li>\n<li>Fotoaizsardz\u012bba ar toni ikdienas lieto\u0161anai.<\/li>\n<\/ul>\n<p><strong>Akt\u012bv\u0101s sast\u0101vda\u013cas:<\/strong><br \/>Optim\u0101lu un stabilu UV filtru kombin\u0101cija, Fernblock\u00ae+ tehnolo\u0123ija,<br \/>glikozil\u0101ze, auga Physavie ekstrakts, OTZ 10, biomim\u0113tiskais melan\u012bns,<br \/>seboregul\u0113jo\u0161s komplekss, argin\u012bns.<\/p>","protected":false},"excerpt":{"rendered":"<p>Fotoim\u016bnaizsardz\u012bba kombin\u0113tai un taukainai \u0101dai ar toni. Izmantojot Fernblock\u00ae+ tehnolo\u0123iju, aizsargfiltrus un atjaunojo\u0161\u0101s un antioksidantu akt\u012bv\u0101s sast\u0101vda\u013cas, tas aizsarg\u0101 pret 4 veidu starojumu (UVB, UVA, redzamo gaismu un infrasarkano starojumu), neitraliz\u0113 un atjauno saules rad\u012btos boj\u0101jumus. \u0160\u0137idras tekst\u016bras, lai rad\u012btu dabisku un vienm\u0113r\u012bgu toni, vienlaikus nosedzot. Priek\u0161roc\u012bbas: Pla\u0161a spektra saules aizsardz\u012bba (SPF50+, PA++++, pret redzamo [&hellip;]<\/p>\n","protected":false},"featured_media":49588,"comment_status":"closed","ping_status":"open","template":"","meta":[],"product_brand":[172],"product_cat":[16],"product_tag":[182],"class_list":{"0":"post-49587","1":"product","2":"type-product","3":"status-publish","4":"has-post-thumbnail","6":"product_brand-heliocare","7":"product_cat-bez-kategorijas","8":"product_tag-aizsardziba-pret-sauli-heliocare-sejas-gels-sejas-krems-ar-krasu-spf-spf-aizsardziba","11":"first","12":"instock","13":"purchasable","14":"product-type-simple"},"_links":{"self":[{"href":"https:\/\/ajaesthetics.org\/ru\/wp-json\/wp\/v2\/product\/49587","targetHints":{"allow":["GET"]}}],"collection":[{"href":"https:\/\/ajaesthetics.org\/ru\/wp-json\/wp\/v2\/product"}],"about":[{"href":"https:\/\/ajaesthetics.org\/ru\/wp-json\/wp\/v2\/types\/product"}],"replies":[{"embeddable":true,"href":"https:\/\/ajaesthetics.org\/ru\/wp-json\/wp\/v2\/comments?post=49587"}],"wp:featuredmedia":[{"embeddable":true,"href":"https:\/\/ajaesthetics.org\/ru\/wp-json\/wp\/v2\/media\/49588"}],"wp:attachment":[{"href":"https:\/\/ajaesthetics.org\/ru\/wp-json\/wp\/v2\/media?parent=49587"}],"wp:term":[{"taxonomy":"product_brand","embeddable":true,"href":"https:\/\/ajaesthetics.org\/ru\/wp-json\/wp\/v2\/product_brand?post=49587"},{"taxonomy":"product_cat","embeddable":true,"href":"https:\/\/ajaesthetics.org\/ru\/wp-json\/wp\/v2\/product_cat?post=49587"},{"taxonomy":"product_tag","embeddable":true,"href":"https:\/\/ajaesthetics.org\/ru\/wp-json\/wp\/v2\/product_tag?post=49587"}],"curies":[{"name":"wp","href":"https:\/\/api.w.org\/{rel}","templated":true}]}}