{"id":49591,"date":"2026-04-19T16:39:57","date_gmt":"2026-04-19T16:39:57","guid":{"rendered":"https:\/\/ajaesthetics.org\/product\/heliocare-ultra-90-cream-spf50-krems-50-ml\/"},"modified":"2026-04-19T16:39:57","modified_gmt":"2026-04-19T16:39:57","slug":"heliocare-ultra-90-cream-spf50-krems-50-ml","status":"publish","type":"product","link":"https:\/\/ajaesthetics.org\/ru\/product\/heliocare-ultra-90-cream-spf50-krems-50-ml\/","title":{"rendered":"HELIOCARE ULTRA 90 CREAM SPF50+ | Kr\u0113ms, 50 ml"},"content":{"rendered":"<p>HELIOCARE ULTRA sau\u013co\u0161an\u0101s l\u012bdzeklis, maigas tekst\u016bras, lieliski<br data-mce-fragment=\"1\">piem\u0113rots norm\u0101lai vai sausai \u0101dai. Baro un mitrina, neatst\u0101j smaguma<br data-mce-fragment=\"1\">saj\u016btu vai baltas k\u0101rtas saj\u016btu uz \u0101das. Produktam ir viegls tonis, kas<br data-mce-fragment=\"1\">\u0101dai pie\u0161\u0137ir spilgtumu un izl\u012bdzina \u0101das toni.<br data-mce-fragment=\"1\">\u013boti augstas fotoim\u016bnaizsardz\u012bbas saules aizsargkr\u0113ms, kas sast\u0101v no<br data-mce-fragment=\"1\">Fernblock\u00ae un atjaunojo\u0161\u0101m akt\u012bvaj\u0101m sast\u0101vda\u013c\u0101m, kas aizsarg\u0101,<br data-mce-fragment=\"1\">neitraliz\u0113 un atjauno saules rad\u012btos boj\u0101jumus. \u012apa\u0161i izstr\u0101d\u0101ts gai\u0161\u0101kam<br data-mce-fragment=\"1\">\u0101das tipam vai lieto\u0161anai paaugstin\u0101tas saules iedarb\u012bbas un<br data-mce-fragment=\"1\">intensit\u0101tes periodos.<\/p>\n<p><strong>Priek\u0161roc\u012bbas:<\/strong><\/p>\n<ul>\n<li>\u013boti augstas aizsardz\u012bbas saules aizsargkr\u0113ms (SPF90).<\/li>\n<li>Saules rad\u012bto boj\u0101jumu atjaunojo\u0161a iedarb\u012bba.<\/li>\n<li>Antioksidanta iedarb\u012bba.<\/li>\n<li>\u016adensnotur\u012bgs.<\/li>\n<li>Piem\u0113rots norm\u0101lai un sausai \u0101dai.<\/li>\n<\/ul>\n<p><strong>Akt\u012bv\u0101s sast\u0101vda\u013cas:<\/strong><br \/>Optim\u0101lu un stabilu UV filtru, Fernblock\u00ae tehnolo\u0123ijas, glikozil\u0101zes,<br \/>za\u013c\u0101s t\u0113jas kombin\u0101cija.<\/p>","protected":false},"excerpt":{"rendered":"<p>HELIOCARE ULTRA sau\u013co\u0161an\u0101s l\u012bdzeklis, maigas tekst\u016bras, lieliskipiem\u0113rots norm\u0101lai vai sausai \u0101dai. Baro un mitrina, neatst\u0101j smagumasaj\u016btu vai baltas k\u0101rtas saj\u016btu uz \u0101das. Produktam ir viegls tonis, kas\u0101dai pie\u0161\u0137ir spilgtumu un izl\u012bdzina \u0101das toni.\u013boti augstas fotoim\u016bnaizsardz\u012bbas saules aizsargkr\u0113ms, kas sast\u0101v noFernblock\u00ae un atjaunojo\u0161\u0101m akt\u012bvaj\u0101m sast\u0101vda\u013c\u0101m, kas aizsarg\u0101,neitraliz\u0113 un atjauno saules rad\u012btos boj\u0101jumus. \u012apa\u0161i izstr\u0101d\u0101ts gai\u0161\u0101kam\u0101das tipam [&hellip;]<\/p>\n","protected":false},"featured_media":49592,"comment_status":"closed","ping_status":"open","template":"","meta":[],"product_brand":[172],"product_cat":[16],"product_tag":[183],"class_list":{"0":"post-49591","1":"product","2":"type-product","3":"status-publish","4":"has-post-thumbnail","6":"product_brand-heliocare","7":"product_cat-bez-kategorijas","8":"product_tag-aizsardziba-pret-sauli-heliocare-sejas-krems-spf-spf-aizsardziba","11":"first","12":"instock","13":"purchasable","14":"product-type-simple"},"_links":{"self":[{"href":"https:\/\/ajaesthetics.org\/ru\/wp-json\/wp\/v2\/product\/49591","targetHints":{"allow":["GET"]}}],"collection":[{"href":"https:\/\/ajaesthetics.org\/ru\/wp-json\/wp\/v2\/product"}],"about":[{"href":"https:\/\/ajaesthetics.org\/ru\/wp-json\/wp\/v2\/types\/product"}],"replies":[{"embeddable":true,"href":"https:\/\/ajaesthetics.org\/ru\/wp-json\/wp\/v2\/comments?post=49591"}],"wp:featuredmedia":[{"embeddable":true,"href":"https:\/\/ajaesthetics.org\/ru\/wp-json\/wp\/v2\/media\/49592"}],"wp:attachment":[{"href":"https:\/\/ajaesthetics.org\/ru\/wp-json\/wp\/v2\/media?parent=49591"}],"wp:term":[{"taxonomy":"product_brand","embeddable":true,"href":"https:\/\/ajaesthetics.org\/ru\/wp-json\/wp\/v2\/product_brand?post=49591"},{"taxonomy":"product_cat","embeddable":true,"href":"https:\/\/ajaesthetics.org\/ru\/wp-json\/wp\/v2\/product_cat?post=49591"},{"taxonomy":"product_tag","embeddable":true,"href":"https:\/\/ajaesthetics.org\/ru\/wp-json\/wp\/v2\/product_tag?post=49591"}],"curies":[{"name":"wp","href":"https:\/\/api.w.org\/{rel}","templated":true}]}}