{"id":49593,"date":"2026-04-19T16:39:59","date_gmt":"2026-04-19T16:39:59","guid":{"rendered":"https:\/\/ajaesthetics.org\/product\/endocare-gel-cream-30-ml\/"},"modified":"2026-04-19T16:40:00","modified_gmt":"2026-04-19T16:40:00","slug":"endocare-gel-cream-30-ml","status":"publish","type":"product","link":"https:\/\/ajaesthetics.org\/ru\/product\/endocare-gel-cream-30-ml\/","title":{"rendered":"ENDOCARE GEL CREAM, 30 ML"},"content":{"rendered":"<p>G\u0113la sejas kr\u0113ms ar pret noveco\u0161an\u0101s efektu. Sast\u0101v\u0101 eso\u0161\u0101 SCA\u00ae aug\u0161anas faktora tehnolo\u0123ija nodro\u0161ina sp\u0113c\u012bgu \u0101das atjaunojo\u0161u efektu, izl\u012bdzina \u0101das tekst\u016bru, stimul\u0113 kolag\u0113na sint\u0113zi. Indic\u0113ts lieto\u0161anai pacientiem ar \u0101das fotonoveco\u0161an\u0101s paz\u012bm\u0113m un p\u0113c dermatolo\u0123isk\u0101m un kosmetolo\u0123isk\u0101m proced\u016br\u0101m. Vieglas tekst\u016bras kr\u0113ms, \u0101tri uzs\u016bcas un izcili piem\u0113rots norm\u0101lai un taukainai \u0101dai. P\u0113c uzkl\u0101\u0161anas \u0101da k\u013c\u016bst maig\u0101ka, glud\u0101ka un tvirt\u0101ka, samazin\u0101s grumbi\u0146as un smalk\u0101s \u0101das krunci\u0146as. Sast\u0101v\u0101 eso\u0161\u0101s hidrosist\u0113mas mitrin\u0101s \u0101du, hidroksietilceluloze \u0101du nomierin\u0101s, pie\u0161\u0137irs \u0101dai nostiprino\u0161u efektu.<\/p>\n<p><strong>Priek\u0161roc\u012bbas:<\/strong><\/p>\n<ul>\n<li>Piem\u0113rots norm\u0101lai un taukainai \u0101dai.<\/li>\n<li>\u0100das re\u0123ener\u0101cija.<\/li>\n<li>Nekomedog\u0113ns.<\/li>\n<li>Dermatolo\u0123iski p\u0101rbaud\u012bts.<\/li>\n<\/ul>\n<p><strong>Akt\u012bv\u0101s sast\u0101vda\u013cas:<\/strong> SCA\u00ae aug\u0161anas faktora tehnolo\u0123ija 4% koncentr\u0101cij\u0101, hidrosist\u0113mas: higroplex HHG\u00ae komplekss un pentavit\u012bna\u00ae komplekss, hidroksietilceluloze.<\/p>","protected":false},"excerpt":{"rendered":"<p>G\u0113la sejas kr\u0113ms ar pret noveco\u0161an\u0101s efektu. Sast\u0101v\u0101 eso\u0161\u0101 SCA\u00ae aug\u0161anas faktora tehnolo\u0123ija nodro\u0161ina sp\u0113c\u012bgu \u0101das atjaunojo\u0161u efektu, izl\u012bdzina \u0101das tekst\u016bru, stimul\u0113 kolag\u0113na sint\u0113zi. Indic\u0113ts lieto\u0161anai pacientiem ar \u0101das fotonoveco\u0161an\u0101s paz\u012bm\u0113m un p\u0113c dermatolo\u0123isk\u0101m un kosmetolo\u0123isk\u0101m proced\u016br\u0101m. Vieglas tekst\u016bras kr\u0113ms, \u0101tri uzs\u016bcas un izcili piem\u0113rots norm\u0101lai un taukainai \u0101dai. P\u0113c uzkl\u0101\u0161anas \u0101da k\u013c\u016bst maig\u0101ka, glud\u0101ka [&hellip;]<\/p>\n","protected":false},"featured_media":49594,"comment_status":"closed","ping_status":"open","template":"","meta":[],"product_brand":[191],"product_cat":[16],"product_tag":[272],"class_list":{"0":"post-49593","1":"product","2":"type-product","3":"status-publish","4":"has-post-thumbnail","6":"product_brand-endocare","7":"product_cat-bez-kategorijas","8":"product_tag-endocare-sejas-gels-sejas-krems","11":"first","12":"instock","13":"purchasable","14":"product-type-simple"},"_links":{"self":[{"href":"https:\/\/ajaesthetics.org\/ru\/wp-json\/wp\/v2\/product\/49593","targetHints":{"allow":["GET"]}}],"collection":[{"href":"https:\/\/ajaesthetics.org\/ru\/wp-json\/wp\/v2\/product"}],"about":[{"href":"https:\/\/ajaesthetics.org\/ru\/wp-json\/wp\/v2\/types\/product"}],"replies":[{"embeddable":true,"href":"https:\/\/ajaesthetics.org\/ru\/wp-json\/wp\/v2\/comments?post=49593"}],"wp:featuredmedia":[{"embeddable":true,"href":"https:\/\/ajaesthetics.org\/ru\/wp-json\/wp\/v2\/media\/49594"}],"wp:attachment":[{"href":"https:\/\/ajaesthetics.org\/ru\/wp-json\/wp\/v2\/media?parent=49593"}],"wp:term":[{"taxonomy":"product_brand","embeddable":true,"href":"https:\/\/ajaesthetics.org\/ru\/wp-json\/wp\/v2\/product_brand?post=49593"},{"taxonomy":"product_cat","embeddable":true,"href":"https:\/\/ajaesthetics.org\/ru\/wp-json\/wp\/v2\/product_cat?post=49593"},{"taxonomy":"product_tag","embeddable":true,"href":"https:\/\/ajaesthetics.org\/ru\/wp-json\/wp\/v2\/product_tag?post=49593"}],"curies":[{"name":"wp","href":"https:\/\/api.w.org\/{rel}","templated":true}]}}