{"id":49595,"date":"2026-04-19T16:40:02","date_gmt":"2026-04-19T16:40:02","guid":{"rendered":"https:\/\/ajaesthetics.org\/product\/endocare-tensage-cream-nostiprinoss-krems-30-ml\/"},"modified":"2026-04-19T16:40:02","modified_gmt":"2026-04-19T16:40:02","slug":"endocare-tensage-cream-nostiprinoss-krems-30-ml","status":"publish","type":"product","link":"https:\/\/ajaesthetics.org\/ru\/product\/endocare-tensage-cream-nostiprinoss-krems-30-ml\/","title":{"rendered":"ENDOCARE TENSAGE CREAM | Nostiprino\u0161s kr\u0113ms, 30 ml"},"content":{"rendered":"<p>Nostiprino\u0161s sejas kr\u0113ms \u0101das liftingam, krunci\u0146u un grumbi\u0146u izl\u012bdzin\u0101\u0161anai.<\/p>\n<p>Kr\u0113ms ar bag\u0101t\u012bgu tekst\u016bru, atjauno \u0101das tvirtumu un elast\u012bbu.<br data-mce-fragment=\"1\">Paredz\u0113ts norm\u0101lai un sausai \u0101dai.<br data-mce-fragment=\"1\">Izstr\u0101d\u0101ts, izmantojot SCA\u00ae aug\u0161anas faktora tehnolo\u0123iju un Tensderm,<br data-mce-fragment=\"1\">kam piem\u012bt nostiprino\u0161s un atjaunojo\u0161s efekts, pal\u012bdz saglab\u0101t \u0101das<br data-mce-fragment=\"1\">elast\u012bbu un uzsver sejas kont\u016bru, lai padar\u012btu \u0101du glud\u0101ku, starojo\u0161\u0101ku un mitrin\u0101tu. Dermatolo\u0123iski p\u0101rbaud\u012bts.<\/p>\n<p><strong>Priek\u0161roc\u012bbas:<\/strong><\/p>\n<ul>\n<li>\u0100trs \u0101du nostiprino\u0161s efekts.<\/li>\n<li>Mitrino\u0161s un barojo\u0161s, \u0101du re\u0123ener\u0113jo\u0161s efekts.<\/li>\n<li>Norm\u0101lai un sausai \u0101dai.<\/li>\n<li>Dermatolo\u0123iski p\u0101rbaud\u012bts<\/li>\n<\/ul>\n<p><strong>Akt\u012bv\u0101s sast\u0101vda\u013cas<\/strong>: SCA\u00ae aug\u0161anas faktora tehnolo\u0123ija, Tensderm tehnolo\u0123ija, E<br \/>vitam\u012bns.<\/p>","protected":false},"excerpt":{"rendered":"<p>Nostiprino\u0161s sejas kr\u0113ms \u0101das liftingam, krunci\u0146u un grumbi\u0146u izl\u012bdzin\u0101\u0161anai. Kr\u0113ms ar bag\u0101t\u012bgu tekst\u016bru, atjauno \u0101das tvirtumu un elast\u012bbu.Paredz\u0113ts norm\u0101lai un sausai \u0101dai.Izstr\u0101d\u0101ts, izmantojot SCA\u00ae aug\u0161anas faktora tehnolo\u0123iju un Tensderm,kam piem\u012bt nostiprino\u0161s un atjaunojo\u0161s efekts, pal\u012bdz saglab\u0101t \u0101daselast\u012bbu un uzsver sejas kont\u016bru, lai padar\u012btu \u0101du glud\u0101ku, starojo\u0161\u0101ku un mitrin\u0101tu. Dermatolo\u0123iski p\u0101rbaud\u012bts. Priek\u0161roc\u012bbas: \u0100trs \u0101du nostiprino\u0161s efekts. [&hellip;]<\/p>\n","protected":false},"featured_media":49596,"comment_status":"closed","ping_status":"open","template":"","meta":[],"product_brand":[191],"product_cat":[16],"product_tag":[273],"class_list":{"0":"post-49595","1":"product","2":"type-product","3":"status-publish","4":"has-post-thumbnail","6":"product_brand-endocare","7":"product_cat-bez-kategorijas","8":"product_tag-cantabria-labs-endocare-sejas-krems","11":"first","12":"instock","13":"purchasable","14":"product-type-simple"},"_links":{"self":[{"href":"https:\/\/ajaesthetics.org\/ru\/wp-json\/wp\/v2\/product\/49595","targetHints":{"allow":["GET"]}}],"collection":[{"href":"https:\/\/ajaesthetics.org\/ru\/wp-json\/wp\/v2\/product"}],"about":[{"href":"https:\/\/ajaesthetics.org\/ru\/wp-json\/wp\/v2\/types\/product"}],"replies":[{"embeddable":true,"href":"https:\/\/ajaesthetics.org\/ru\/wp-json\/wp\/v2\/comments?post=49595"}],"wp:featuredmedia":[{"embeddable":true,"href":"https:\/\/ajaesthetics.org\/ru\/wp-json\/wp\/v2\/media\/49596"}],"wp:attachment":[{"href":"https:\/\/ajaesthetics.org\/ru\/wp-json\/wp\/v2\/media?parent=49595"}],"wp:term":[{"taxonomy":"product_brand","embeddable":true,"href":"https:\/\/ajaesthetics.org\/ru\/wp-json\/wp\/v2\/product_brand?post=49595"},{"taxonomy":"product_cat","embeddable":true,"href":"https:\/\/ajaesthetics.org\/ru\/wp-json\/wp\/v2\/product_cat?post=49595"},{"taxonomy":"product_tag","embeddable":true,"href":"https:\/\/ajaesthetics.org\/ru\/wp-json\/wp\/v2\/product_tag?post=49595"}],"curies":[{"name":"wp","href":"https:\/\/api.w.org\/{rel}","templated":true}]}}