{"id":49597,"date":"2026-04-19T16:40:07","date_gmt":"2026-04-19T16:40:07","guid":{"rendered":"https:\/\/ajaesthetics.org\/product\/hubislab-papaya-enzyme-peeling-wash-eksfoliativs-attirisanas-lidzeklis-ar-papaijas-enzimiem-70-g\/"},"modified":"2026-04-19T16:40:08","modified_gmt":"2026-04-19T16:40:08","slug":"hubislab-papaya-enzyme-peeling-wash-eksfoliativs-attirisanas-lidzeklis-ar-papaijas-enzimiem-70-g","status":"publish","type":"product","link":"https:\/\/ajaesthetics.org\/ru\/product\/hubislab-papaya-enzyme-peeling-wash-eksfoliativs-attirisanas-lidzeklis-ar-papaijas-enzimiem-70-g\/","title":{"rendered":"HUBISLAB Papaya Enzyme Peeling Wash | \u042d\u043a\u0441\u0444\u043e\u043b\u0438\u0440\u0443\u044e\u0449\u0435\u0435 \u043e\u0447\u0438\u0449\u0430\u044e\u0449\u0435\u0435 \u0441\u0440\u0435\u0434\u0441\u0442\u0432\u043e \u0441 \u0444\u0435\u0440\u043c\u0435\u043d\u0442\u0430\u043c\u0438 \u043f\u0430\u043f\u0430\u0439\u0438, 70 \u0433"},"content":{"rendered":"<p>Dab\u012bgais papaijas ekstrakts viegli iz\u0161\u0137\u012bst aukst\u0101 \u016bden\u012b un no\u0146em atmiru\u0161\u0101s<br data-mce-fragment=\"1\">\u0101das \u0161\u016bnas bez kairin\u0101juma. Patent\u0113t\u0101 formula nodro\u0161ina lieliskas att\u012br\u012b\u0161anas<br data-mce-fragment=\"1\">\u012bpa\u0161\u012bbas, vienlaikus saglab\u0101jot \u0101du maigu un pies\u0101tin\u0101tu\u00a0ar\u00a0mitrumu.<\/p>\n<p><strong>Lieto\u0161ana:<\/strong> uz samitrin\u0101t\u0101m plaukt\u0101m\u00a0izspiest nepiecie\u0161amo produkta daudzumu un, l\u012bdz putu konsistencei, berz\u0113t produktu rok\u0101s. P\u0113c tam iestr\u0101d\u0101jiet\u00a0putas uz sejas un r\u016bp\u012bji to nomazg\u0101jiet ar \u016bdeni.<\/p>","protected":false},"excerpt":{"rendered":"<p>Dab\u012bgais papaijas ekstrakts viegli iz\u0161\u0137\u012bst aukst\u0101 \u016bden\u012b un no\u0146em atmiru\u0161\u0101s\u0101das \u0161\u016bnas bez kairin\u0101juma. Patent\u0113t\u0101 formula nodro\u0161ina lieliskas att\u012br\u012b\u0161anas\u012bpa\u0161\u012bbas, vienlaikus saglab\u0101jot \u0101du maigu un pies\u0101tin\u0101tu\u00a0ar\u00a0mitrumu. Lieto\u0161ana: uz samitrin\u0101t\u0101m plaukt\u0101m\u00a0izspiest nepiecie\u0161amo produkta daudzumu un, l\u012bdz putu konsistencei, berz\u0113t produktu rok\u0101s. P\u0113c tam iestr\u0101d\u0101jiet\u00a0putas uz sejas un r\u016bp\u012bji to nomazg\u0101jiet ar \u016bdeni.<\/p>","protected":false},"featured_media":49598,"comment_status":"closed","ping_status":"open","template":"","meta":[],"product_brand":[203],"product_cat":[276],"product_tag":[277],"class_list":{"0":"post-49597","1":"product","2":"type-product","3":"status-publish","4":"has-post-thumbnail","6":"product_brand-hubislab","7":"product_cat-skrubji","8":"product_tag-hubislab-sejas-skrubis","11":"first","12":"instock","13":"purchasable","14":"product-type-simple"},"_links":{"self":[{"href":"https:\/\/ajaesthetics.org\/ru\/wp-json\/wp\/v2\/product\/49597","targetHints":{"allow":["GET"]}}],"collection":[{"href":"https:\/\/ajaesthetics.org\/ru\/wp-json\/wp\/v2\/product"}],"about":[{"href":"https:\/\/ajaesthetics.org\/ru\/wp-json\/wp\/v2\/types\/product"}],"replies":[{"embeddable":true,"href":"https:\/\/ajaesthetics.org\/ru\/wp-json\/wp\/v2\/comments?post=49597"}],"wp:featuredmedia":[{"embeddable":true,"href":"https:\/\/ajaesthetics.org\/ru\/wp-json\/wp\/v2\/media\/49598"}],"wp:attachment":[{"href":"https:\/\/ajaesthetics.org\/ru\/wp-json\/wp\/v2\/media?parent=49597"}],"wp:term":[{"taxonomy":"product_brand","embeddable":true,"href":"https:\/\/ajaesthetics.org\/ru\/wp-json\/wp\/v2\/product_brand?post=49597"},{"taxonomy":"product_cat","embeddable":true,"href":"https:\/\/ajaesthetics.org\/ru\/wp-json\/wp\/v2\/product_cat?post=49597"},{"taxonomy":"product_tag","embeddable":true,"href":"https:\/\/ajaesthetics.org\/ru\/wp-json\/wp\/v2\/product_tag?post=49597"}],"curies":[{"name":"wp","href":"https:\/\/api.w.org\/{rel}","templated":true}]}}