{"id":49599,"date":"2026-04-19T16:40:09","date_gmt":"2026-04-19T16:40:09","guid":{"rendered":"https:\/\/ajaesthetics.org\/product\/thesera-rootension-black-ex-ampoule-intensivs-serums-pret-matu-izkrisanu-150-ml\/"},"modified":"2026-04-19T16:40:09","modified_gmt":"2026-04-19T16:40:09","slug":"thesera-rootension-black-ex-ampoule-intensivs-serums-pret-matu-izkrisanu-150-ml","status":"publish","type":"product","link":"https:\/\/ajaesthetics.org\/ru\/product\/thesera-rootension-black-ex-ampoule-intensivs-serums-pret-matu-izkrisanu-150-ml\/","title":{"rendered":"THESERA ROOTENSION BLACK EX AMPOULE | Intens\u012bvs serums pret matu izkri\u0161anu, 150 ml"},"content":{"rendered":"<p class=\"_04xlpA direction-ltr align-justify para-style-body\" data-mce-fragment=\"1\"><span class=\"WdYUQQ text-decoration-none text-strikethrough-none\" data-mce-fragment=\"1\">Intens\u012bvas iedarb\u012bbas serums, kas baro nov\u0101jin\u0101tu galvas \u0101du un samazina matu izkri\u0161anu. Black EX kolag\u0113ns stiprina matu saknes un matu elast\u012bbu.<\/span><\/p>\n<p class=\"_04xlpA direction-ltr align-justify para-style-body\" data-mce-fragment=\"1\"><strong><span class=\"WdYUQQ text-decoration-none text-strikethrough-none\" data-mce-fragment=\"1\">Lieto\u0161ana<\/span><\/strong><span class=\"WdYUQQ text-decoration-none text-strikethrough-none\" data-mce-fragment=\"1\"><strong>:<\/strong> p<\/span>\u0113c \u0161amp\u016bna lieto\u0161anas, nosusiniet matus un vienm\u0113r\u012bgi izsmidziniet serumu uz galvas \u0101d\u0101s. P\u0113c tam iemas\u0113jiet protuktu ar pirkstiem, lai akt\u012bv\u0101s sast\u0101vda\u013cas viegl\u0101k ies\u016bktos galvas \u0101d\u0101. \u017d\u0101v\u0113jiet matus ar f\u0113nu.<\/p>\n<p class=\"_04xlpA direction-ltr align-justify para-style-body\" data-mce-fragment=\"1\"><strong><span class=\"WdYUQQ text-decoration-none text-strikethrough-none\" data-mce-fragment=\"1\">Akt\u012bv\u0101s sast\u0101vda\u013cas:\u00a0<\/span><\/strong>Black EX kolag\u0113ns, patent\u0113ts komplekss pret matu izkri\u0161anu, L-mentols, salicilsk\u0101be, dekspantenols, piparm\u0113tra.<\/p>","protected":false},"excerpt":{"rendered":"<p>Intens\u012bvas iedarb\u012bbas serums, kas baro nov\u0101jin\u0101tu galvas \u0101du un samazina matu izkri\u0161anu. Black EX kolag\u0113ns stiprina matu saknes un matu elast\u012bbu. Lieto\u0161ana: p\u0113c \u0161amp\u016bna lieto\u0161anas, nosusiniet matus un vienm\u0113r\u012bgi izsmidziniet serumu uz galvas \u0101d\u0101s. P\u0113c tam iemas\u0113jiet protuktu ar pirkstiem, lai akt\u012bv\u0101s sast\u0101vda\u013cas viegl\u0101k ies\u016bktos galvas \u0101d\u0101. \u017d\u0101v\u0113jiet matus ar f\u0113nu. Akt\u012bv\u0101s sast\u0101vda\u013cas:\u00a0Black EX kolag\u0113ns, [&hellip;]<\/p>\n","protected":false},"featured_media":49600,"comment_status":"closed","ping_status":"open","template":"","meta":[],"product_brand":[186],"product_cat":[16],"product_tag":[278],"class_list":{"0":"post-49599","1":"product","2":"type-product","3":"status-publish","4":"has-post-thumbnail","6":"product_brand-thesera","7":"product_cat-bez-kategorijas","8":"product_tag-galvas-ada-matu-kopsana-thesera","11":"first","12":"instock","13":"purchasable","14":"product-type-simple"},"_links":{"self":[{"href":"https:\/\/ajaesthetics.org\/ru\/wp-json\/wp\/v2\/product\/49599","targetHints":{"allow":["GET"]}}],"collection":[{"href":"https:\/\/ajaesthetics.org\/ru\/wp-json\/wp\/v2\/product"}],"about":[{"href":"https:\/\/ajaesthetics.org\/ru\/wp-json\/wp\/v2\/types\/product"}],"replies":[{"embeddable":true,"href":"https:\/\/ajaesthetics.org\/ru\/wp-json\/wp\/v2\/comments?post=49599"}],"wp:featuredmedia":[{"embeddable":true,"href":"https:\/\/ajaesthetics.org\/ru\/wp-json\/wp\/v2\/media\/49600"}],"wp:attachment":[{"href":"https:\/\/ajaesthetics.org\/ru\/wp-json\/wp\/v2\/media?parent=49599"}],"wp:term":[{"taxonomy":"product_brand","embeddable":true,"href":"https:\/\/ajaesthetics.org\/ru\/wp-json\/wp\/v2\/product_brand?post=49599"},{"taxonomy":"product_cat","embeddable":true,"href":"https:\/\/ajaesthetics.org\/ru\/wp-json\/wp\/v2\/product_cat?post=49599"},{"taxonomy":"product_tag","embeddable":true,"href":"https:\/\/ajaesthetics.org\/ru\/wp-json\/wp\/v2\/product_tag?post=49599"}],"curies":[{"name":"wp","href":"https:\/\/api.w.org\/{rel}","templated":true}]}}