{"id":49601,"date":"2026-04-19T16:40:12","date_gmt":"2026-04-19T16:40:12","guid":{"rendered":"https:\/\/ajaesthetics.org\/product\/thesera-rootension-black-ex-shampoo-specigas-iedarbibas-sampuns-pret-matu-izkrisanu-500-ml\/"},"modified":"2026-04-19T16:40:12","modified_gmt":"2026-04-19T16:40:12","slug":"thesera-rootension-black-ex-shampoo-specigas-iedarbibas-sampuns-pret-matu-izkrisanu-500-ml","status":"publish","type":"product","link":"https:\/\/ajaesthetics.org\/ru\/product\/thesera-rootension-black-ex-shampoo-specigas-iedarbibas-sampuns-pret-matu-izkrisanu-500-ml\/","title":{"rendered":"THESERA ROOTENSION BLACK EX SHAMPOO | Sp\u0113c\u012bgas iedarb\u012bbas \u0161amp\u016bns pret matu izkri\u0161anu, 500 ml"},"content":{"rendered":"<p class=\"_04xlpA direction-ltr align-justify para-style-body\" data-mce-fragment=\"1\"><span class=\"WdYUQQ text-decoration-none text-strikethrough-none\" data-mce-fragment=\"1\">Hipoaler\u0123isks \u0161amp\u016bns ar pH 5,5. \u0160amp\u016bns pal\u012bdz uztur\u0113t galvas \u0101du t\u012bru, nov\u0113r\u0161ot nepat\u012bkamu arom\u0101tu un pastiprin\u0101tu sebuma izdali. Tas ir funkcion\u0101ls \u0161amp\u016bns, kas pateicoties sast\u0101v\u0101 eso\u0161ajam Blac EX kolag\u0113na,<\/span><span class=\"WdYUQQ text-decoration-none text-strikethrough-none white-space-prewrap\" data-mce-fragment=\"1\"> <\/span><span class=\"WdYUQQ text-decoration-none text-strikethrough-none\" data-mce-fragment=\"1\">stiprina matu saknes un matu elast\u012bbu.<\/span><\/p>\n<p class=\"_04xlpA direction-ltr align-justify para-style-body\" data-mce-fragment=\"1\"><strong><span class=\"WdYUQQ text-decoration-none text-strikethrough-none\" data-mce-fragment=\"1\">Lieto\u0161ana<\/span><span class=\"WdYUQQ text-decoration-none text-strikethrough-none\" data-mce-fragment=\"1\">:\u00a0<\/span><\/strong>Iemas\u0113jiet nepiecie\u0161amo daudzumu \u0161amp\u016bna mitros matos, l\u012bdz tas izveido putas, un r\u016bp\u012bgi izskalojiet.<\/p>\n<p class=\"_04xlpA direction-ltr align-justify para-style-body\" data-mce-fragment=\"1\"><span class=\"WdYUQQ text-decoration-none text-strikethrough-none\" data-mce-fragment=\"1\"><strong>Akt\u012bv\u0101s sast\u0101vda\u013cas:<\/strong>\u00a0<\/span>Black EX kolag\u0113ns, patent\u0113ts komplekss pret matu izkri\u0161anu, L- mentols, salicilsk\u0101be, dekspantenols, piparm\u0113tra.<\/p>","protected":false},"excerpt":{"rendered":"<p>Hipoaler\u0123isks \u0161amp\u016bns ar pH 5,5. \u0160amp\u016bns pal\u012bdz uztur\u0113t galvas \u0101du t\u012bru, nov\u0113r\u0161ot nepat\u012bkamu arom\u0101tu un pastiprin\u0101tu sebuma izdali. Tas ir funkcion\u0101ls \u0161amp\u016bns, kas pateicoties sast\u0101v\u0101 eso\u0161ajam Blac EX kolag\u0113na, stiprina matu saknes un matu elast\u012bbu. Lieto\u0161ana:\u00a0Iemas\u0113jiet nepiecie\u0161amo daudzumu \u0161amp\u016bna mitros matos, l\u012bdz tas izveido putas, un r\u016bp\u012bgi izskalojiet. Akt\u012bv\u0101s sast\u0101vda\u013cas:\u00a0Black EX kolag\u0113ns, patent\u0113ts komplekss pret [&hellip;]<\/p>\n","protected":false},"featured_media":49602,"comment_status":"closed","ping_status":"open","template":"","meta":[],"product_brand":[186],"product_cat":[16],"product_tag":[279],"class_list":{"0":"post-49601","1":"product","2":"type-product","3":"status-publish","4":"has-post-thumbnail","6":"product_brand-thesera","7":"product_cat-bez-kategorijas","8":"product_tag-matu-kopsana-thesera-sampuns","11":"first","12":"instock","13":"purchasable","14":"product-type-simple"},"_links":{"self":[{"href":"https:\/\/ajaesthetics.org\/ru\/wp-json\/wp\/v2\/product\/49601","targetHints":{"allow":["GET"]}}],"collection":[{"href":"https:\/\/ajaesthetics.org\/ru\/wp-json\/wp\/v2\/product"}],"about":[{"href":"https:\/\/ajaesthetics.org\/ru\/wp-json\/wp\/v2\/types\/product"}],"replies":[{"embeddable":true,"href":"https:\/\/ajaesthetics.org\/ru\/wp-json\/wp\/v2\/comments?post=49601"}],"wp:featuredmedia":[{"embeddable":true,"href":"https:\/\/ajaesthetics.org\/ru\/wp-json\/wp\/v2\/media\/49602"}],"wp:attachment":[{"href":"https:\/\/ajaesthetics.org\/ru\/wp-json\/wp\/v2\/media?parent=49601"}],"wp:term":[{"taxonomy":"product_brand","embeddable":true,"href":"https:\/\/ajaesthetics.org\/ru\/wp-json\/wp\/v2\/product_brand?post=49601"},{"taxonomy":"product_cat","embeddable":true,"href":"https:\/\/ajaesthetics.org\/ru\/wp-json\/wp\/v2\/product_cat?post=49601"},{"taxonomy":"product_tag","embeddable":true,"href":"https:\/\/ajaesthetics.org\/ru\/wp-json\/wp\/v2\/product_tag?post=49601"}],"curies":[{"name":"wp","href":"https:\/\/api.w.org\/{rel}","templated":true}]}}