{"id":49603,"date":"2026-04-19T16:40:14","date_gmt":"2026-04-19T16:40:14","guid":{"rendered":"https:\/\/ajaesthetics.org\/product\/thesera-rootension-scalp-scaling-water-pilings-galvas-ada-150-ml\/"},"modified":"2026-04-19T16:40:14","modified_gmt":"2026-04-19T16:40:14","slug":"thesera-rootension-scalp-scaling-water-pilings-galvas-ada-150-ml","status":"publish","type":"product","link":"https:\/\/ajaesthetics.org\/ru\/product\/thesera-rootension-scalp-scaling-water-pilings-galvas-ada-150-ml\/","title":{"rendered":"THESERA ROOTENSION SCALP SCALING WATER | P\u012blings galvas \u0101da, 150 ml"},"content":{"rendered":"<p data-mce-fragment=\"1\" class=\"_04xlpA direction-ltr align-justify para-style-body\"><span data-mce-fragment=\"1\" class=\"WdYUQQ text-decoration-none text-strikethrough-none\">Hipoaler\u0123isks izsmidzin\u0101ms p\u012blings galvas \u0101dai.<\/span><\/p>\n<p data-mce-fragment=\"1\" class=\"_04xlpA direction-ltr align-justify para-style-body\"><span data-mce-fragment=\"1\" class=\"WdYUQQ text-decoration-none text-strikethrough-none\">Pirmais solis ce\u013c\u0101 uz t\u012bru un vesel\u012bgu galvas \u0101du. \u0160is l\u012bdzeklis\u00a0<\/span><span data-mce-fragment=\"1\" class=\"WdYUQQ text-decoration-none text-strikethrough-none\">atver aizsprostot\u0101s poras galvas \u0101d\u0101 un nomierina galvas \u0101du, no\u0146emot atmiru\u0161\u0101s \u0101das \u0161\u016bnas, smalkos putek\u013cus un uz galvas \u0101das uzkr\u0101to sebumu.<\/span><\/p>\n<p data-mce-fragment=\"1\" class=\"_04xlpA direction-ltr align-justify para-style-body\"><strong><span data-mce-fragment=\"1\" class=\"WdYUQQ text-decoration-none text-strikethrough-none\">Lieto\u0161ana<\/span><span data-mce-fragment=\"1\" class=\"WdYUQQ text-decoration-none text-strikethrough-none\">:<\/span><\/strong><span data-mce-fragment=\"1\" class=\"WdYUQQ text-decoration-none text-strikethrough-none\"> v<\/span>ienm\u0113r\u012bgi uzkl\u0101jiet nepiecie\u0161amo daudzumu produkta uz sausas galvas \u0101das un maigi iemas\u0113jiet. P\u0113c 3-5 min\u016bt\u0113m samitriniet galvas \u0101du un v\u0113lreiz iemas\u0113jiet.Visbeidzot, mazg\u0101jiet matus izmantojot Thesera Rootension \u0161amp\u016bnu.<\/p>\n<p data-mce-fragment=\"1\" class=\"_04xlpA direction-ltr align-justify para-style-body\"><strong><span data-mce-fragment=\"1\" class=\"WdYUQQ text-decoration-none text-strikethrough-none\">Akt\u012bv\u0101s sast\u0101vda\u013cas:\u00a0<\/span><\/strong>L-mentols, piparm\u0113tra, t\u0113jas koks, cinks, glikolsk\u0101be, piensk\u0101be, salicilsk\u0101be, oglek\u013ca pulveris.<\/p>","protected":false},"excerpt":{"rendered":"<p>Hipoaler\u0123isks izsmidzin\u0101ms p\u012blings galvas \u0101dai. Pirmais solis ce\u013c\u0101 uz t\u012bru un vesel\u012bgu galvas \u0101du. \u0160is l\u012bdzeklis\u00a0atver aizsprostot\u0101s poras galvas \u0101d\u0101 un nomierina galvas \u0101du, no\u0146emot atmiru\u0161\u0101s \u0101das \u0161\u016bnas, smalkos putek\u013cus un uz galvas \u0101das uzkr\u0101to sebumu. Lieto\u0161ana: vienm\u0113r\u012bgi uzkl\u0101jiet nepiecie\u0161amo daudzumu produkta uz sausas galvas \u0101das un maigi iemas\u0113jiet. P\u0113c 3-5 min\u016bt\u0113m samitriniet galvas \u0101du [&hellip;]<\/p>\n","protected":false},"featured_media":49604,"comment_status":"closed","ping_status":"open","template":"","meta":[],"product_brand":[186],"product_cat":[16],"product_tag":[280],"class_list":{"0":"post-49603","1":"product","2":"type-product","3":"status-publish","4":"has-post-thumbnail","6":"product_brand-thesera","7":"product_cat-bez-kategorijas","8":"product_tag-galvas-ada-matu-kopsana-pilings-skrubis-thesera","11":"first","12":"instock","13":"purchasable","14":"product-type-simple"},"_links":{"self":[{"href":"https:\/\/ajaesthetics.org\/ru\/wp-json\/wp\/v2\/product\/49603","targetHints":{"allow":["GET"]}}],"collection":[{"href":"https:\/\/ajaesthetics.org\/ru\/wp-json\/wp\/v2\/product"}],"about":[{"href":"https:\/\/ajaesthetics.org\/ru\/wp-json\/wp\/v2\/types\/product"}],"replies":[{"embeddable":true,"href":"https:\/\/ajaesthetics.org\/ru\/wp-json\/wp\/v2\/comments?post=49603"}],"wp:featuredmedia":[{"embeddable":true,"href":"https:\/\/ajaesthetics.org\/ru\/wp-json\/wp\/v2\/media\/49604"}],"wp:attachment":[{"href":"https:\/\/ajaesthetics.org\/ru\/wp-json\/wp\/v2\/media?parent=49603"}],"wp:term":[{"taxonomy":"product_brand","embeddable":true,"href":"https:\/\/ajaesthetics.org\/ru\/wp-json\/wp\/v2\/product_brand?post=49603"},{"taxonomy":"product_cat","embeddable":true,"href":"https:\/\/ajaesthetics.org\/ru\/wp-json\/wp\/v2\/product_cat?post=49603"},{"taxonomy":"product_tag","embeddable":true,"href":"https:\/\/ajaesthetics.org\/ru\/wp-json\/wp\/v2\/product_tag?post=49603"}],"curies":[{"name":"wp","href":"https:\/\/api.w.org\/{rel}","templated":true}]}}