{"id":49605,"date":"2026-04-19T16:40:16","date_gmt":"2026-04-19T16:40:16","guid":{"rendered":"https:\/\/ajaesthetics.org\/product\/iraltone-anti-hair-loss-lotion-spray-losions-pret-matu-izkrisanu-100-ml\/"},"modified":"2026-04-19T16:40:16","modified_gmt":"2026-04-19T16:40:16","slug":"iraltone-anti-hair-loss-lotion-spray-losions-pret-matu-izkrisanu-100-ml","status":"publish","type":"product","link":"https:\/\/ajaesthetics.org\/ru\/product\/iraltone-anti-hair-loss-lotion-spray-losions-pret-matu-izkrisanu-100-ml\/","title":{"rendered":"IRALTONE ANTI-HAIR LOSS LOTION SPRAY | Losions pret matu izkri\u0161anu, 100 ml"},"content":{"rendered":"<p><strong>Iraltone galvas \u0101das aerosols pret matu izkri\u0161anu.<\/strong><br \/>Tr\u012bsk\u0101r\u0161as darb\u012bbas losjons-aerosols, kas stimul\u0113 matu aug\u0161anu un nov\u0113r\u0161 ak\u016btu matu izkri\u0161anu. L\u012bdzeklis, iedarbojoties caur vair\u0101kiem meh\u0101nismiem, piem\u0113ram, ar<br \/>IGF-1 analogajiem pept\u012bdiem, stimul\u0113 efektus, ko rada endog\u0113nais IGF-1 uz matu<br \/>folikulu., k\u0101 ar\u012b aktiviz\u0113 Wnt\/B-katen\u012bna ce\u013cu, t\u0101d\u0113j\u0101di stimul\u0113jot matu aug\u0161anu. Rekomend\u0113ts lietot pacientiem, kas cie\u0161 no matu izkri\u0161anas, ko veicina da\u017e\u0101di faktori,<br \/>k\u0101 stress, hormon\u0101las izmai\u0146as, tai skait\u0101 no androg\u0113nas alop\u0113cijas.<br \/>Lai sasniegtu v\u0113lamo efektu, rekomend\u0113ts lietot 1 reizi dien\u0101, lab\u0101k vakar\u0101, atst\u0101jot uz<br \/>nakti, nav j\u0101noskalo p\u0113c lieto\u0161anas. J\u0101lieto zon\u0101s, kur nepiecie\u0161ami matu aug\u0161anas<br \/>stimul\u0101cija, p\u0113c aplik\u0101cijas produkts viegli j\u0101iemas\u0113.<\/p>\n<p><strong>Priek\u0161roc\u012bbas:<\/strong><\/p>\n<ul>\n<li>100 ml iepakojums ar speic\u0101lu uzgali vieglai produkta aplik\u0101cijai.<\/li>\n<li>Vieglas tekst\u016bras, labi absorb\u0113jas.<\/li>\n<li>Lieto uz nakti, p\u0113c aplik\u0101cijas nav j\u0101noskalo.<\/li>\n<li>Nerada kairin\u0101jumu.<\/li>\n<li>Hipoaler\u0123isks.<\/li>\n<li>Dermatolo\u0123iski un oftalmolo\u0123iski p\u0101rbaud\u012bts.<\/li>\n<\/ul>\n<p><strong>Akt\u012bv\u0101s sast\u0101vda\u013cas:<\/strong><\/p>\n<p>Serenoa repens, IGF-1 analogie pept\u012bdi, Wnt\/B-katen\u012bna ce\u013ca<br \/>aktiv\u0113jo\u0161s komplekss, antioksidanti.<\/p>","protected":false},"excerpt":{"rendered":"<p>Iraltone galvas \u0101das aerosols pret matu izkri\u0161anu.Tr\u012bsk\u0101r\u0161as darb\u012bbas losjons-aerosols, kas stimul\u0113 matu aug\u0161anu un nov\u0113r\u0161 ak\u016btu matu izkri\u0161anu. L\u012bdzeklis, iedarbojoties caur vair\u0101kiem meh\u0101nismiem, piem\u0113ram, arIGF-1 analogajiem pept\u012bdiem, stimul\u0113 efektus, ko rada endog\u0113nais IGF-1 uz matufolikulu., k\u0101 ar\u012b aktiviz\u0113 Wnt\/B-katen\u012bna ce\u013cu, t\u0101d\u0113j\u0101di stimul\u0113jot matu aug\u0161anu. Rekomend\u0113ts lietot pacientiem, kas cie\u0161 no matu izkri\u0161anas, ko veicina da\u017e\u0101di [&hellip;]<\/p>\n","protected":false},"featured_media":49606,"comment_status":"closed","ping_status":"open","template":"","meta":[],"product_brand":[217],"product_cat":[16],"product_tag":[281],"class_list":{"0":"post-49605","1":"product","2":"type-product","3":"status-publish","4":"has-post-thumbnail","6":"product_brand-iraltone","7":"product_cat-bez-kategorijas","8":"product_tag-iraltone-matu-kopsana-smidzinatajs","11":"first","12":"instock","13":"purchasable","14":"product-type-simple"},"_links":{"self":[{"href":"https:\/\/ajaesthetics.org\/ru\/wp-json\/wp\/v2\/product\/49605","targetHints":{"allow":["GET"]}}],"collection":[{"href":"https:\/\/ajaesthetics.org\/ru\/wp-json\/wp\/v2\/product"}],"about":[{"href":"https:\/\/ajaesthetics.org\/ru\/wp-json\/wp\/v2\/types\/product"}],"replies":[{"embeddable":true,"href":"https:\/\/ajaesthetics.org\/ru\/wp-json\/wp\/v2\/comments?post=49605"}],"wp:featuredmedia":[{"embeddable":true,"href":"https:\/\/ajaesthetics.org\/ru\/wp-json\/wp\/v2\/media\/49606"}],"wp:attachment":[{"href":"https:\/\/ajaesthetics.org\/ru\/wp-json\/wp\/v2\/media?parent=49605"}],"wp:term":[{"taxonomy":"product_brand","embeddable":true,"href":"https:\/\/ajaesthetics.org\/ru\/wp-json\/wp\/v2\/product_brand?post=49605"},{"taxonomy":"product_cat","embeddable":true,"href":"https:\/\/ajaesthetics.org\/ru\/wp-json\/wp\/v2\/product_cat?post=49605"},{"taxonomy":"product_tag","embeddable":true,"href":"https:\/\/ajaesthetics.org\/ru\/wp-json\/wp\/v2\/product_tag?post=49605"}],"curies":[{"name":"wp","href":"https:\/\/api.w.org\/{rel}","templated":true}]}}