{"id":49607,"date":"2026-04-19T16:40:20","date_gmt":"2026-04-19T16:40:20","guid":{"rendered":"https:\/\/ajaesthetics.org\/product\/heliocare-360-age-active-fluid-spf50-saules-aizsargfluids-ar-pretnovecosanas-ipasibam-spf50-50-ml\/"},"modified":"2026-04-19T16:40:20","modified_gmt":"2026-04-19T16:40:20","slug":"heliocare-360-age-active-fluid-spf50-saules-aizsargfluids-ar-pretnovecosanas-ipasibam-spf50-50-ml","status":"publish","type":"product","link":"https:\/\/ajaesthetics.org\/ru\/product\/heliocare-360-age-active-fluid-spf50-saules-aizsargfluids-ar-pretnovecosanas-ipasibam-spf50-50-ml\/","title":{"rendered":"HELIOCARE 360\u00b0 AGE ACTIVE FLUID SPF50+ | Saules aizsargflu\u012bds ar pretnoveco\u0161an\u0101s \u012bpa\u0161\u012bb\u0101m SPF50 +, 50 ml"},"content":{"rendered":"<p>Viegls, mitrino\u0161s \u0161\u0137idrums, kas nodro\u0161ina augstu un pla\u0161a spektra fotoim\u016bnaizsardz\u012bbu. T\u0101 sast\u0101v\u0101 ir tr\u012bsk\u0101r\u0161s pretnoveco\u0161an\u0101s komplekss, kas pal\u012bdz pal\u0113nin\u0101t redzamo noveco\u0161an\u0101s paz\u012bmju par\u0101d\u012b\u0161anos. \u0160im \u0161\u0137idrumam, kas rada z\u012bdaina maiguma saj\u016btu, ir ar\u012b maigs tonis, t\u0101 pal\u012bdzot izl\u012bdzin\u0101t sejas \u0101das kr\u0101su. Tonis ir piem\u0113rots I-IV \u0101das tipiem Fitzpatrick skal\u0101.<\/p>\n<p><strong>Priek\u0161roc\u012bbas:<\/strong><\/p>\n<ul>\n<li>Pla\u0161a spektra aizsardz\u012bba (SPF50+, PA++++,<\/li>\n<li>Aizsardz\u012bba pret zilo gaismu.<\/li>\n<li>Aizsardz\u012bba pret vides pies\u0101r\u0146ojumu.<\/li>\n<li>Saules rad\u012bto boj\u0101jumu atjauno\u0161ana.<\/li>\n<li>Antioksidanta iedarb\u012bba.<\/li>\n<li>Pal\u0113nina noveco\u0161an\u0101s paz\u012bmju par\u0101d\u012b\u0161anos. Mirdzuma efekts.<\/li>\n<li>Izl\u012bdzino\u0161s un samtains p\u0101rkl\u0101jums.<\/li>\n<li>Mitrina \u0101du.<\/li>\n<li>Ir gai\u0161s, maigs tonis.<\/li>\n<li>Iztur\u012bgs pret \u016bdeni un sviedriem.<\/li>\n<li>Hipoaler\u0123isks.<\/li>\n<li>Piem\u0113rots jut\u012bgai \u0101dai.<\/li>\n<li>Nekomedog\u0113ns.<\/li>\n<li>Nekairina acis.<\/li>\n<\/ul>\n<p><strong>Akt\u012bv\u0101s sast\u0101vda\u013cas:<\/strong><br \/>Optim\u0101lu un stabilu UV filtru kombin\u0101cija, Fernblock\u00ae+ tehnolo\u0123ija, TinosorbA2B un dzelzs oks\u012bda pigmenti ir paredz\u0113ti, lai uzlabotu aizsardz\u012bbu pret UVA un redzamo ] gaismu, tr\u012bsk\u0101r\u0161ais pretnoveco\u0161an\u0101s komplekss: hialuronsk\u0101be, ser\u012bns un trehaloze, pretpies\u0101r\u0146ojuma sist\u0113ma, Soft-focus Technology.<\/p>","protected":false},"excerpt":{"rendered":"<p>Viegls, mitrino\u0161s \u0161\u0137idrums, kas nodro\u0161ina augstu un pla\u0161a spektra fotoim\u016bnaizsardz\u012bbu. T\u0101 sast\u0101v\u0101 ir tr\u012bsk\u0101r\u0161s pretnoveco\u0161an\u0101s komplekss, kas pal\u012bdz pal\u0113nin\u0101t redzamo noveco\u0161an\u0101s paz\u012bmju par\u0101d\u012b\u0161anos. \u0160im \u0161\u0137idrumam, kas rada z\u012bdaina maiguma saj\u016btu, ir ar\u012b maigs tonis, t\u0101 pal\u012bdzot izl\u012bdzin\u0101t sejas \u0101das kr\u0101su. Tonis ir piem\u0113rots I-IV \u0101das tipiem Fitzpatrick skal\u0101. Priek\u0161roc\u012bbas: Pla\u0161a spektra aizsardz\u012bba (SPF50+, PA++++, Aizsardz\u012bba [&hellip;]<\/p>\n","protected":false},"featured_media":49608,"comment_status":"closed","ping_status":"open","template":"","meta":[],"product_brand":[172],"product_cat":[16],"product_tag":[183],"class_list":{"0":"post-49607","1":"product","2":"type-product","3":"status-publish","4":"has-post-thumbnail","6":"product_brand-heliocare","7":"product_cat-bez-kategorijas","8":"product_tag-aizsardziba-pret-sauli-heliocare-sejas-krems-spf-spf-aizsardziba","11":"first","12":"instock","13":"purchasable","14":"product-type-simple"},"_links":{"self":[{"href":"https:\/\/ajaesthetics.org\/ru\/wp-json\/wp\/v2\/product\/49607","targetHints":{"allow":["GET"]}}],"collection":[{"href":"https:\/\/ajaesthetics.org\/ru\/wp-json\/wp\/v2\/product"}],"about":[{"href":"https:\/\/ajaesthetics.org\/ru\/wp-json\/wp\/v2\/types\/product"}],"replies":[{"embeddable":true,"href":"https:\/\/ajaesthetics.org\/ru\/wp-json\/wp\/v2\/comments?post=49607"}],"wp:featuredmedia":[{"embeddable":true,"href":"https:\/\/ajaesthetics.org\/ru\/wp-json\/wp\/v2\/media\/49608"}],"wp:attachment":[{"href":"https:\/\/ajaesthetics.org\/ru\/wp-json\/wp\/v2\/media?parent=49607"}],"wp:term":[{"taxonomy":"product_brand","embeddable":true,"href":"https:\/\/ajaesthetics.org\/ru\/wp-json\/wp\/v2\/product_brand?post=49607"},{"taxonomy":"product_cat","embeddable":true,"href":"https:\/\/ajaesthetics.org\/ru\/wp-json\/wp\/v2\/product_cat?post=49607"},{"taxonomy":"product_tag","embeddable":true,"href":"https:\/\/ajaesthetics.org\/ru\/wp-json\/wp\/v2\/product_tag?post=49607"}],"curies":[{"name":"wp","href":"https:\/\/api.w.org\/{rel}","templated":true}]}}