{"id":49609,"date":"2026-04-19T16:40:22","date_gmt":"2026-04-19T16:40:22","guid":{"rendered":"https:\/\/ajaesthetics.org\/product\/heliocare-360-pigment-solution-fluid-spf50-saules-aizsargajoss-fluids-pret-pigmentaciju-spf50-50-ml\/"},"modified":"2026-04-19T16:40:23","modified_gmt":"2026-04-19T16:40:23","slug":"heliocare-360-pigment-solution-fluid-spf50-saules-aizsargajoss-fluids-pret-pigmentaciju-spf50-50-ml","status":"publish","type":"product","link":"https:\/\/ajaesthetics.org\/ru\/product\/heliocare-360-pigment-solution-fluid-spf50-saules-aizsargajoss-fluids-pret-pigmentaciju-spf50-50-ml\/","title":{"rendered":"HELIOCARE 360\u00b0 PIGMENT SOLUTION FLUID, SPF50+ | Saules aizsarg\u0101jo\u0161s flu\u012bds pret pigment\u0101ciju, SPF50+, 50 ml"},"content":{"rendered":"<p>\u013boti augsta fotoim\u016bna aizsardz\u012bba, kas pal\u012bdz nov\u0113rst tum\u0161us plankumus, hiperpigment\u0101ciju un mazin\u0101t to. Produkt\u0101 eso\u0161o akt\u012bvo vielu kombin\u0101cija darbojas siner\u0123iski pret melan\u012bna sint\u0113zi, l\u012bdz ar to kav\u0113 pigment\u0101cijas ra\u0161anos. Att\u012bst\u012bti filtri, sevi\u0161\u0137i pret gar\u0101kiem vi\u013c\u0146iem &#8211; UVA-1 un redzamo gaismu un sast\u0101v\u0101 eso\u0161\u0101 Fernblock\u00ae tehnolo\u0123ija aizsarg\u0101 pret 4 veidu starojumu (UVB, UVA, redzam\u0101 gaisma un infrasarkanais starojums). Fernblock\u00ae tehnolo\u0123ija un glikozil\u0101zes aizsarg\u0101 pret oksidat\u012bvo stresu un vides pies\u0101r\u0146ojumu, kav\u0113jot pigment\u0101cijas un \u0101das boj\u0101juma ra\u0161anos, kas rodas saules starojuma ietekm\u0113 un veicina \u0101das atjauno\u0161anu. K\u0101 ar\u012b aizsardz\u012bbu pret pies\u0101r\u0146ojumu<br \/>nodro\u0161ina neokluz\u012bva biopolim\u0113ru pl\u0113v\u012bte, kas pasarg\u0101 \u0101du no kairino\u0161\u0101m viel\u0101m un ne\u013cauj t\u0101m penetr\u0113t \u0101du.<\/p>\n<p><strong>Priek\u0161roc\u012bbas:<\/strong><\/p>\n<ul>\n<li>Pla\u0161a spektra fotoaizsardz\u012bba (UVA, UVB, PA++++, redzam\u0101 gaisma, infrasarkanais starojums).<\/li>\n<li>Antioksidanti aizsarg\u0101 \u0101du un to atjauno.<\/li>\n<li>Piem\u0113rots jut\u012bgai \u0101dai.<\/li>\n<li>Hipoaler\u0123isks.<\/li>\n<li>Nekomedog\u0113ns.<\/li>\n<li>Bez smar\u017eviel\u0101m un alkohola.<\/li>\n<li>Iztur\u012bgs pret \u016bdeni un sviedriem.<\/li>\n<li>Nekairina acis.<\/li>\n<li>Dermatolo\u0123iski un oftalmolo\u0123iski p\u0101rbaud\u012bts.<\/li>\n<\/ul>","protected":false},"excerpt":{"rendered":"<p>\u013boti augsta fotoim\u016bna aizsardz\u012bba, kas pal\u012bdz nov\u0113rst tum\u0161us plankumus, hiperpigment\u0101ciju un mazin\u0101t to. Produkt\u0101 eso\u0161o akt\u012bvo vielu kombin\u0101cija darbojas siner\u0123iski pret melan\u012bna sint\u0113zi, l\u012bdz ar to kav\u0113 pigment\u0101cijas ra\u0161anos. Att\u012bst\u012bti filtri, sevi\u0161\u0137i pret gar\u0101kiem vi\u013c\u0146iem &#8211; UVA-1 un redzamo gaismu un sast\u0101v\u0101 eso\u0161\u0101 Fernblock\u00ae tehnolo\u0123ija aizsarg\u0101 pret 4 veidu starojumu (UVB, UVA, redzam\u0101 gaisma un [&hellip;]<\/p>\n","protected":false},"featured_media":49610,"comment_status":"closed","ping_status":"open","template":"","meta":[],"product_brand":[172],"product_cat":[16],"product_tag":[183],"class_list":{"0":"post-49609","1":"product","2":"type-product","3":"status-publish","4":"has-post-thumbnail","6":"product_brand-heliocare","7":"product_cat-bez-kategorijas","8":"product_tag-aizsardziba-pret-sauli-heliocare-sejas-krems-spf-spf-aizsardziba","11":"first","12":"instock","13":"purchasable","14":"product-type-simple"},"_links":{"self":[{"href":"https:\/\/ajaesthetics.org\/ru\/wp-json\/wp\/v2\/product\/49609","targetHints":{"allow":["GET"]}}],"collection":[{"href":"https:\/\/ajaesthetics.org\/ru\/wp-json\/wp\/v2\/product"}],"about":[{"href":"https:\/\/ajaesthetics.org\/ru\/wp-json\/wp\/v2\/types\/product"}],"replies":[{"embeddable":true,"href":"https:\/\/ajaesthetics.org\/ru\/wp-json\/wp\/v2\/comments?post=49609"}],"wp:featuredmedia":[{"embeddable":true,"href":"https:\/\/ajaesthetics.org\/ru\/wp-json\/wp\/v2\/media\/49610"}],"wp:attachment":[{"href":"https:\/\/ajaesthetics.org\/ru\/wp-json\/wp\/v2\/media?parent=49609"}],"wp:term":[{"taxonomy":"product_brand","embeddable":true,"href":"https:\/\/ajaesthetics.org\/ru\/wp-json\/wp\/v2\/product_brand?post=49609"},{"taxonomy":"product_cat","embeddable":true,"href":"https:\/\/ajaesthetics.org\/ru\/wp-json\/wp\/v2\/product_cat?post=49609"},{"taxonomy":"product_tag","embeddable":true,"href":"https:\/\/ajaesthetics.org\/ru\/wp-json\/wp\/v2\/product_tag?post=49609"}],"curies":[{"name":"wp","href":"https:\/\/api.w.org\/{rel}","templated":true}]}}