{"id":49611,"date":"2026-04-19T16:40:25","date_gmt":"2026-04-19T16:40:25","guid":{"rendered":"https:\/\/ajaesthetics.org\/product\/heliocare-360-pediatric-atopic-lotion-spray-spf50-izsmidzinams-saules-aizsargkrems-berniem-spf50-250-ml\/"},"modified":"2026-04-19T16:40:25","modified_gmt":"2026-04-19T16:40:25","slug":"heliocare-360-pediatric-atopic-lotion-spray-spf50-izsmidzinams-saules-aizsargkrems-berniem-spf50-250-ml","status":"publish","type":"product","link":"https:\/\/ajaesthetics.org\/ru\/product\/heliocare-360-pediatric-atopic-lotion-spray-spf50-izsmidzinams-saules-aizsargkrems-berniem-spf50-250-ml\/","title":{"rendered":"HELIOCARE 360\u00b0 PEDIATRIC ATOPIC LOTION SPRAY SPF50 | Izsmidzin\u0101ms saules aizsargkr\u0113ms b\u0113rniem SPF50, 250 ml"},"content":{"rendered":"<p>Sau\u013co\u0161an\u0101s l\u012bdzeklis, kas paredz\u0113ts b\u0113rniem un z\u012bdai\u0146iem ar jut\u012bgu un atopisku \u0101du no 3 m\u0113ne\u0161u vecuma. Kr\u0113ma nekomedog\u0113nais sast\u0101vs ietver ar\u012b specifiskas akt\u012bv\u0101s sast\u0101vda\u013cas, lai r\u016bp\u0113tos un mitrin\u0101tu pat maz\u0101ko b\u0113rnu \u0101das barjeru. \u013boti iztur\u012bgs pret \u016bdeni un smilt\u012bm. Viegli lietojams. Lieto\u0161anai uz \u0137erme\u0146a. Kr\u0113ms nodro\u0161ina fotoim\u016bno aizsardz\u012bbu. Fernblock\u00ae+ tehnolo\u0123ija, specifiski filtri un aizsarg\u0101jo\u0161as un antioksidantu akt\u012bv\u0101s sast\u0101vda\u013cas, aizsarg\u0101 pret 4 veidu starojumu (UVB, UVA, redzamo gaismu un infrasarkano<br \/>starojumu), neitraliz\u0113 un atjauno saules rad\u012btos boj\u0101jumus.<\/p>\n<p><strong>Priek\u0161roc\u012bbas:<\/strong><\/p>\n<ul>\n<li>Pla\u0161a spektra aizsardz\u012bba (SPF50+, PA++++, pret redzamo gaismu un infrasarkanajiem stariem).<\/li>\n<li>Saules rad\u012bto boj\u0101jumu atjauno\u0161ana.<\/li>\n<li>Antioksidanta iedarb\u012bba.<\/li>\n<li>Fotoim\u016bna aizsardz\u012bba.<\/li>\n<li>Mitrino\u0161a un \u0101das barjeru stiprino\u0161a iedarb\u012bba.<\/li>\n<li>Viegli uzkl\u0101jams un neatst\u0101j baltas &#8220;maskas&#8221; efektu.<\/li>\n<li>Tekst\u016bra, kas pie\u0161\u0137ir z\u012bdainu saj\u016btu.<\/li>\n<li>Piem\u0113rots jut\u012bgai un atopiskai \u0101dai.<\/li>\n<li>\u016adensnotur\u012bgs.<\/li>\n<li>Piem\u0113rots z\u012bdai\u0146iem un b\u0113rniem no 3 m\u0113ne\u0161u vecuma.<\/li>\n<li>Nesatur oktokril\u0113nu, alkoholu, parab\u0113nus.<\/li>\n<li>Dermatolo\u0123iski un pediatriski p\u0101rbaud\u012bts.<\/li>\n<\/ul>\n<p><strong>Akt\u012bv\u0101s sast\u0101vda\u013cas:<\/strong><br \/>Fernblock\u00ae+ tehnolo\u0123ija, \u0137\u012bmiskie filtri, glikozil\u0101ze, E vitam\u012bns, Bioshield sist\u0113ma (biomim\u0113tiskais melan\u012bns un OTZ 10), argin\u012bns, glicer\u012bns.<\/p>","protected":false},"excerpt":{"rendered":"<p>Sau\u013co\u0161an\u0101s l\u012bdzeklis, kas paredz\u0113ts b\u0113rniem un z\u012bdai\u0146iem ar jut\u012bgu un atopisku \u0101du no 3 m\u0113ne\u0161u vecuma. Kr\u0113ma nekomedog\u0113nais sast\u0101vs ietver ar\u012b specifiskas akt\u012bv\u0101s sast\u0101vda\u013cas, lai r\u016bp\u0113tos un mitrin\u0101tu pat maz\u0101ko b\u0113rnu \u0101das barjeru. \u013boti iztur\u012bgs pret \u016bdeni un smilt\u012bm. Viegli lietojams. Lieto\u0161anai uz \u0137erme\u0146a. Kr\u0113ms nodro\u0161ina fotoim\u016bno aizsardz\u012bbu. Fernblock\u00ae+ tehnolo\u0123ija, specifiski filtri un aizsarg\u0101jo\u0161as un [&hellip;]<\/p>\n","protected":false},"featured_media":49612,"comment_status":"closed","ping_status":"open","template":"","meta":[],"product_brand":[172],"product_cat":[16],"product_tag":[282],"class_list":{"0":"post-49611","1":"product","2":"type-product","3":"status-publish","4":"has-post-thumbnail","6":"product_brand-heliocare","7":"product_cat-bez-kategorijas","8":"product_tag-aizsardziba-pret-sauli-berniem-berns-heliocare-spf-spf-aizsardziba-kermena-kopsana","11":"first","12":"instock","13":"purchasable","14":"product-type-simple"},"_links":{"self":[{"href":"https:\/\/ajaesthetics.org\/ru\/wp-json\/wp\/v2\/product\/49611","targetHints":{"allow":["GET"]}}],"collection":[{"href":"https:\/\/ajaesthetics.org\/ru\/wp-json\/wp\/v2\/product"}],"about":[{"href":"https:\/\/ajaesthetics.org\/ru\/wp-json\/wp\/v2\/types\/product"}],"replies":[{"embeddable":true,"href":"https:\/\/ajaesthetics.org\/ru\/wp-json\/wp\/v2\/comments?post=49611"}],"wp:featuredmedia":[{"embeddable":true,"href":"https:\/\/ajaesthetics.org\/ru\/wp-json\/wp\/v2\/media\/49612"}],"wp:attachment":[{"href":"https:\/\/ajaesthetics.org\/ru\/wp-json\/wp\/v2\/media?parent=49611"}],"wp:term":[{"taxonomy":"product_brand","embeddable":true,"href":"https:\/\/ajaesthetics.org\/ru\/wp-json\/wp\/v2\/product_brand?post=49611"},{"taxonomy":"product_cat","embeddable":true,"href":"https:\/\/ajaesthetics.org\/ru\/wp-json\/wp\/v2\/product_cat?post=49611"},{"taxonomy":"product_tag","embeddable":true,"href":"https:\/\/ajaesthetics.org\/ru\/wp-json\/wp\/v2\/product_tag?post=49611"}],"curies":[{"name":"wp","href":"https:\/\/api.w.org\/{rel}","templated":true}]}}