{"id":49613,"date":"2026-04-19T16:40:26","date_gmt":"2026-04-19T16:40:26","guid":{"rendered":"https:\/\/ajaesthetics.org\/product\/heliocare-360-pediatrics-mineral-spf50-saules-aizsargajoss-fluids-ar-mineralajiem-filtriem-berniem-un-zidainiem-spf50-50ml\/"},"modified":"2026-04-19T16:40:26","modified_gmt":"2026-04-19T16:40:26","slug":"heliocare-360-pediatrics-mineral-spf50-saules-aizsargajoss-fluids-ar-mineralajiem-filtriem-berniem-un-zidainiem-spf50-50ml","status":"publish","type":"product","link":"https:\/\/ajaesthetics.org\/ru\/product\/heliocare-360-pediatrics-mineral-spf50-saules-aizsargajoss-fluids-ar-mineralajiem-filtriem-berniem-un-zidainiem-spf50-50ml\/","title":{"rendered":"HELIOCARE 360\u00b0 PEDIATRICS MINERAL SPF50+ | Saules aizsarg\u0101jo\u0161s flu\u012bds ar miner\u0101lajiem filtriem b\u0113rniem un z\u012bdai\u0146iem SPF50+, 50ml"},"content":{"rendered":"<p>Sau\u013co\u0161an\u0101s l\u012bdzeklis tikai ar miner\u0101lfiltriem, kas paredz\u0113ts b\u0113rniem un z\u012bdai\u0146iem no 3 m\u0113ne\u0161u vecuma.<br \/>P\u0101rbaud\u012bts uz jut\u012bgas un atopiskas \u0101das. Kr\u0113ma nekomedog\u0113nais sast\u0101vs ietver ar\u012b specifiskas akt\u012bv\u0101s<br \/>sast\u0101vda\u013cas, lai r\u016bp\u0113tos un mitrin\u0101tu pat maz\u0101ko b\u0113rnu \u0101das barjeru. \u013boti iztur\u012bgs pret \u016bdeni un smilt\u012bm, nekairina\u00a0acis.<br \/>Kr\u0113ms nodro\u0161ina fotoim\u016bno aizsardz\u012bbu. Fernblock\u00ae+ tehnolo\u0123ija, specifiski filtri un aizsarg\u0101jo\u0161as un\u00a0antioksidantu akt\u012bv\u0101s sast\u0101vda\u013cas, aizsarg\u0101 pret 4 veidu starojumu (UVB, UVA, redzamo gaismu un infrasarkano\u00a0starojumu), neitraliz\u0113 un atjauno saules rad\u012btos boj\u0101jumus.<\/p>\n<p><strong>Priek\u0161roc\u012bbas:<\/strong><\/p>\n<ul>\n<li>Pla\u0161a spektra aizsardz\u012bba (SPF50+, PA++++, pret redzamo gaismu un infrasarkanajiem stariem).<\/li>\n<li>Saules rad\u012bto boj\u0101jumu atjauno\u0161ana.<\/li>\n<li>Antioksidanta iedarb\u012bba.<\/li>\n<li>Mitrino\u0161s efekts.<\/li>\n<li>Viegli uzkl\u0101jams un neatst\u0101j baltas &#8220;maskas&#8221; efektu.<\/li>\n<li>Tekst\u016bra, kas pie\u0161\u0137ir z\u012bdainu saj\u016btu.<\/li>\n<li>Piem\u0113rots jut\u012bgai un atopiskai \u0101dai.<\/li>\n<li>\u016adensnotur\u012bgs.<\/li>\n<li>Piem\u0113rots z\u012bdai\u0146iem un b\u0113rniem no 3 m\u0113ne\u0161u vecuma.<\/li>\n<li>Nekairina acis.<\/li>\n<li>Dermatolo\u0123iski un oftalmolo\u0123iski p\u0101rbaud\u012bts.<\/li>\n<\/ul>\n<p><strong>Akt\u012bv\u0101s sast\u0101vda\u013cas:<\/strong><br \/>Fernblock\u00ae+ tehnolo\u0123ija, 100% miner\u0101lu filtri, Genoprotect komplekss (fotol\u012bze, glikozil\u0101ze, endonukle\u0101ze), Bioshield sist\u0113ma (biomim\u0113tiskais melan\u012bns un OTZ 10), niacinam\u012bds.<\/p>","protected":false},"excerpt":{"rendered":"<p>Sau\u013co\u0161an\u0101s l\u012bdzeklis tikai ar miner\u0101lfiltriem, kas paredz\u0113ts b\u0113rniem un z\u012bdai\u0146iem no 3 m\u0113ne\u0161u vecuma.P\u0101rbaud\u012bts uz jut\u012bgas un atopiskas \u0101das. Kr\u0113ma nekomedog\u0113nais sast\u0101vs ietver ar\u012b specifiskas akt\u012bv\u0101ssast\u0101vda\u013cas, lai r\u016bp\u0113tos un mitrin\u0101tu pat maz\u0101ko b\u0113rnu \u0101das barjeru. \u013boti iztur\u012bgs pret \u016bdeni un smilt\u012bm, nekairina\u00a0acis.Kr\u0113ms nodro\u0161ina fotoim\u016bno aizsardz\u012bbu. Fernblock\u00ae+ tehnolo\u0123ija, specifiski filtri un aizsarg\u0101jo\u0161as un\u00a0antioksidantu akt\u012bv\u0101s sast\u0101vda\u013cas, aizsarg\u0101 [&hellip;]<\/p>\n","protected":false},"featured_media":49614,"comment_status":"closed","ping_status":"open","template":"","meta":[],"product_brand":[172],"product_cat":[16],"product_tag":[183],"class_list":{"0":"post-49613","1":"product","2":"type-product","3":"status-publish","4":"has-post-thumbnail","6":"product_brand-heliocare","7":"product_cat-bez-kategorijas","8":"product_tag-aizsardziba-pret-sauli-heliocare-sejas-krems-spf-spf-aizsardziba","11":"first","12":"instock","13":"purchasable","14":"product-type-simple"},"_links":{"self":[{"href":"https:\/\/ajaesthetics.org\/ru\/wp-json\/wp\/v2\/product\/49613","targetHints":{"allow":["GET"]}}],"collection":[{"href":"https:\/\/ajaesthetics.org\/ru\/wp-json\/wp\/v2\/product"}],"about":[{"href":"https:\/\/ajaesthetics.org\/ru\/wp-json\/wp\/v2\/types\/product"}],"replies":[{"embeddable":true,"href":"https:\/\/ajaesthetics.org\/ru\/wp-json\/wp\/v2\/comments?post=49613"}],"wp:featuredmedia":[{"embeddable":true,"href":"https:\/\/ajaesthetics.org\/ru\/wp-json\/wp\/v2\/media\/49614"}],"wp:attachment":[{"href":"https:\/\/ajaesthetics.org\/ru\/wp-json\/wp\/v2\/media?parent=49613"}],"wp:term":[{"taxonomy":"product_brand","embeddable":true,"href":"https:\/\/ajaesthetics.org\/ru\/wp-json\/wp\/v2\/product_brand?post=49613"},{"taxonomy":"product_cat","embeddable":true,"href":"https:\/\/ajaesthetics.org\/ru\/wp-json\/wp\/v2\/product_cat?post=49613"},{"taxonomy":"product_tag","embeddable":true,"href":"https:\/\/ajaesthetics.org\/ru\/wp-json\/wp\/v2\/product_tag?post=49613"}],"curies":[{"name":"wp","href":"https:\/\/api.w.org\/{rel}","templated":true}]}}