{"id":49615,"date":"2026-04-19T16:40:28","date_gmt":"2026-04-19T16:40:28","guid":{"rendered":"https:\/\/ajaesthetics.org\/product\/heliocare-360-water-gel-spf50-intensivi-mitrinoss-saules-aizsargkrems-50-ml\/"},"modified":"2026-04-19T16:40:29","modified_gmt":"2026-04-19T16:40:29","slug":"heliocare-360-water-gel-spf50-intensivi-mitrinoss-saules-aizsargkrems-50-ml","status":"publish","type":"product","link":"https:\/\/ajaesthetics.org\/ru\/product\/heliocare-360-water-gel-spf50-intensivi-mitrinoss-saules-aizsargkrems-50-ml\/","title":{"rendered":"HELIOCARE 360\u00b0 WATER GEL SPF50+ | \u0418\u043d\u0442\u0435\u043d\u0441\u0438\u0432\u043d\u043e \u0443\u0432\u043b\u0430\u0436\u043d\u044f\u044e\u0449\u0438\u0439 \u0441\u043e\u043b\u043d\u0446\u0435\u0437\u0430\u0449\u0438\u0442\u043d\u044b\u0439 \u0433\u0435\u043b\u044c, 50 \u043c\u043b"},"content":{"rendered":"<p class=\"cvGsUA direction-ltr align-justify para-style-body\"><span class=\"OYPEnA font-feature-liga-off font-feature-clig-off font-feature-calt-off text-decoration-none text-strikethrough-none\">\u013boti augsta fotoim\u016bna aizsardz\u012bba. Viegli uzkl\u0101jams, \u0161\u0137idra tekst\u016bra, labi uzs\u016bcas un piem\u0113rots visiem \u0101das tipiem, \u012bpa\u0161i jut\u012bgai \u0101dai, jo sast\u0101v\u0101 ir ar\u012b miner\u0101lu filtri.<\/span><span class=\"OYPEnA font-feature-liga-off font-feature-clig-off font-feature-calt-off text-decoration-none text-strikethrough-none white-space-prewrap\">\u00a0<\/span><\/p>\n<p class=\"cvGsUA direction-ltr align-justify para-style-body\"><span class=\"OYPEnA font-feature-liga-off font-feature-clig-off font-feature-calt-off text-decoration-none text-strikethrough-none\">Fernblock\u00ae+ tehnolo\u0123ija, specifiski filtri un aizsarg\u0101jo\u0161as un antioksidantu akt\u012bv\u0101s sast\u0101vda\u013cas, aizsarg\u0101 pret 4 veidu starojumu (UVB, UVA, redzamo gaismu un infrasarkano starojumu), neitraliz\u0113 un atjauno saules rad\u012btos boj\u0101jumus. Nodro\u0161ina ilgsto\u0161u \u0101das mitrin\u0101\u0161anu ar biopolim\u0113ru t\u012bklojumu un mitrino\u0161o vielu kompleksu. Tie siner\u0123iski darbojoties mitrina \u0101du ar akt\u012bvaj\u0101m sast\u0101vda\u013c\u0101m un piesaista \u016bdeni \u0101dai no apk\u0101rt\u0113j\u0101s vides.<\/span><\/p>\n<p class=\"cvGsUA direction-ltr align-start para-style-body\"><span class=\"OYPEnA font-feature-liga-off font-feature-clig-off font-feature-calt-off text-decoration-none text-strikethrough-none\">Priek\u0161roc\u012bbas:<\/span><\/p>\n<ul>\n<li><span class=\"OYPEnA font-feature-liga-off font-feature-clig-off font-feature-calt-off text-decoration-none text-strikethrough-none\">Pla\u0161a spektra aizsardz\u012bba (SPF50+, PA++++, pret redzamo gaismu un infrasarkanajiem stariem);<\/span><\/li>\n<li><span class=\"OYPEnA font-feature-liga-off font-feature-clig-off font-feature-calt-off text-decoration-none text-strikethrough-none\">Saules rad\u012bto boj\u0101jumu atjauno\u0161ana;<\/span><\/li>\n<li><span class=\"OYPEnA font-feature-liga-off font-feature-clig-off font-feature-calt-off text-decoration-none text-strikethrough-none\">Antioksidanta iedarb\u012bba;<\/span><\/li>\n<li><span class=\"OYPEnA font-feature-liga-off font-feature-clig-off font-feature-calt-off text-decoration-none text-strikethrough-none\">Ilgsto\u0161a \u0101das mitrin\u0101\u0161ana;<\/span><\/li>\n<li><span class=\"OYPEnA font-feature-liga-off font-feature-clig-off font-feature-calt-off text-decoration-none text-strikethrough-none\">\u0100da p\u0113c uzkl\u0101\u0161anas ir maiga, z\u012bdaina, mat\u0113ta;<\/span><\/li>\n<li><span class=\"OYPEnA font-feature-liga-off font-feature-clig-off font-feature-calt-off text-decoration-none text-strikethrough-none\">Nekomedog\u0113ns;<\/span><\/li>\n<li><span class=\"OYPEnA font-feature-liga-off font-feature-clig-off font-feature-calt-off text-decoration-none text-strikethrough-none\">Viegli uzkl\u0101jams, \u0101tri absorb\u0113jas;<\/span><\/li>\n<li><span class=\"OYPEnA font-feature-liga-off font-feature-clig-off font-feature-calt-off text-decoration-none text-strikethrough-none\">Hipoaler\u0123isks;<\/span><\/li>\n<li><span class=\"OYPEnA font-feature-liga-off font-feature-clig-off font-feature-calt-off text-decoration-none text-strikethrough-none\">\u016adensnotur\u012bgs;<\/span><\/li>\n<li><span class=\"OYPEnA font-feature-liga-off font-feature-clig-off font-feature-calt-off text-decoration-none text-strikethrough-none\">Nesatur alkoholu un parab\u0113nus;<\/span><\/li>\n<li><span class=\"OYPEnA font-feature-liga-off font-feature-clig-off font-feature-calt-off text-decoration-none text-strikethrough-none\">Piem\u0113rots jut\u012bgai \u0101dai;<\/span><\/li>\n<li><span class=\"OYPEnA font-feature-liga-off font-feature-clig-off font-feature-calt-off text-decoration-none text-strikethrough-none\">Nekairina acis;<\/span><\/li>\n<li><span class=\"OYPEnA font-feature-liga-off font-feature-clig-off font-feature-calt-off text-decoration-none text-strikethrough-none\">Dermatolo\u0123iski un oftalmolo\u0123iski p\u0101rbaud\u012bts.<\/span><\/li>\n<\/ul>\n<p class=\"cvGsUA direction-ltr align-start para-style-body\"><span class=\"OYPEnA font-feature-liga-off font-feature-clig-off font-feature-calt-off text-decoration-none text-strikethrough-none\">Akt\u012bv\u0101s sast\u0101vda\u013cas:<\/span><\/p>\n<p class=\"cvGsUA direction-ltr align-start para-style-body\"><span class=\"OYPEnA font-feature-liga-off font-feature-clig-off font-feature-calt-off text-decoration-none text-strikethrough-none\">Fernblock\u00ae+ tehnolo\u0123ija, \u0137\u012bmisko filtru kombin\u0101cija, Bioshield sist\u0113ma (biomim\u0113tiskais melan\u012bns un OTZ 10), E vitam\u012bns, glikozil\u0101ze, hialuronsk\u0101be, algin\u0101ti, pulullan, urea, glicer\u012bns, L-Ser\u012bns, trehaloze, argin\u012bns.<\/span><\/p>","protected":false},"excerpt":{"rendered":"<p>\u013boti augsta fotoim\u016bna aizsardz\u012bba. Viegli uzkl\u0101jams, \u0161\u0137idra tekst\u016bra, labi uzs\u016bcas un piem\u0113rots visiem \u0101das tipiem, \u012bpa\u0161i jut\u012bgai \u0101dai, jo sast\u0101v\u0101 ir ar\u012b miner\u0101lu filtri.\u00a0 Fernblock\u00ae+ tehnolo\u0123ija, specifiski filtri un aizsarg\u0101jo\u0161as un antioksidantu akt\u012bv\u0101s sast\u0101vda\u013cas, aizsarg\u0101 pret 4 veidu starojumu (UVB, UVA, redzamo gaismu un infrasarkano starojumu), neitraliz\u0113 un atjauno saules rad\u012btos boj\u0101jumus. Nodro\u0161ina ilgsto\u0161u \u0101das [&hellip;]<\/p>\n","protected":false},"featured_media":49616,"comment_status":"closed","ping_status":"open","template":"","meta":[],"product_brand":[172],"product_cat":[16],"product_tag":[283],"class_list":{"0":"post-49615","1":"product","2":"type-product","3":"status-publish","4":"has-post-thumbnail","6":"product_brand-heliocare","7":"product_cat-bez-kategorijas","8":"product_tag-aizsardziba-pret-sauli-heliocare-sejas-gels-spf-spf-aizsardziba","11":"first","12":"instock","13":"purchasable","14":"product-type-simple"},"_links":{"self":[{"href":"https:\/\/ajaesthetics.org\/ru\/wp-json\/wp\/v2\/product\/49615","targetHints":{"allow":["GET"]}}],"collection":[{"href":"https:\/\/ajaesthetics.org\/ru\/wp-json\/wp\/v2\/product"}],"about":[{"href":"https:\/\/ajaesthetics.org\/ru\/wp-json\/wp\/v2\/types\/product"}],"replies":[{"embeddable":true,"href":"https:\/\/ajaesthetics.org\/ru\/wp-json\/wp\/v2\/comments?post=49615"}],"wp:featuredmedia":[{"embeddable":true,"href":"https:\/\/ajaesthetics.org\/ru\/wp-json\/wp\/v2\/media\/49616"}],"wp:attachment":[{"href":"https:\/\/ajaesthetics.org\/ru\/wp-json\/wp\/v2\/media?parent=49615"}],"wp:term":[{"taxonomy":"product_brand","embeddable":true,"href":"https:\/\/ajaesthetics.org\/ru\/wp-json\/wp\/v2\/product_brand?post=49615"},{"taxonomy":"product_cat","embeddable":true,"href":"https:\/\/ajaesthetics.org\/ru\/wp-json\/wp\/v2\/product_cat?post=49615"},{"taxonomy":"product_tag","embeddable":true,"href":"https:\/\/ajaesthetics.org\/ru\/wp-json\/wp\/v2\/product_tag?post=49615"}],"curies":[{"name":"wp","href":"https:\/\/api.w.org\/{rel}","templated":true}]}}