{"id":49617,"date":"2026-04-20T16:09:06","date_gmt":"2026-04-20T16:09:06","guid":{"rendered":"https:\/\/ajaesthetics.org\/product\/heliocare-360-mineral-tolerance-fluid-spf50-saules-aizsargajoss-mineralais-fluids-jutigai-adai-50-ml\/"},"modified":"2026-04-20T16:09:06","modified_gmt":"2026-04-20T16:09:06","slug":"heliocare-360-mineral-tolerance-fluid-spf50-saules-aizsargajoss-mineralais-fluids-jutigai-adai-50-ml","status":"publish","type":"product","link":"https:\/\/ajaesthetics.org\/ru\/product\/heliocare-360-mineral-tolerance-fluid-spf50-saules-aizsargajoss-mineralais-fluids-jutigai-adai-50-ml\/","title":{"rendered":"HELIOCARE 360\u00b0 MINERAL TOLERANCE FLUID SPF50 | \u041c\u0438\u043d\u0435\u0440\u0430\u043b\u044c\u043d\u044b\u0439 \u0444\u043b\u044e\u0438\u0434 \u0441 \u0441\u043e\u043b\u043d\u0446\u0435\u0437\u0430\u0449\u0438\u0442\u043d\u044b\u043c \u0444\u0430\u043a\u0442\u043e\u0440\u043e\u043c \u0434\u043b\u044f \u0447\u0443\u0432\u0441\u0442\u0432\u0438\u0442\u0435\u043b\u044c\u043d\u043e\u0439 \u043a\u043e\u0436\u0438, 50 \u043c\u043b"},"content":{"rendered":"<p>Fotoim\u016bnaizsardz\u012bba ar 100% miner\u0101lu filtriem<\/p>\n<p>\u012apa\u0161i labi toler\u0113jams sast\u0101vs tikai ar miner\u0101lu filtriem. Gai\u0161\u0101 tekst\u016bra<br \/>nodro\u0161ina neredzamu p\u0101rkl\u0101jumu pat tum\u0161iem \u0101das to\u0146iem. Ide\u0101li<br \/>piem\u0113rots jut\u012bgai, reakt\u012bvai \u0101dai.<br \/>\u013boti augsta fotoim\u016bnaizsardz\u012bba. Sast\u0101v\u0101 eso\u0161\u0101 Fernblock\u00ae+<br \/>tehnolo\u0123ija, miner\u0101lie aizsargfiltri, atjaunojo\u0161\u0101s un antioksidantu<br \/>sast\u0101vda\u013cas aizsarg\u0101 pret 4 veidu starojumu (UVB, UVA, redzamo<br \/>gaismu un infrasarkano starojumu), neitraliz\u0113 un atjauno \u0101d\u0101 saules<br \/>rad\u012btos boj\u0101jumus.<\/p>\n<p><strong>Priek\u0161roc\u012bbas:<\/strong><\/p>\n<ul>\n<li>Pla\u0161a spektra aizsardz\u012bba (SPF50+, PA++++, pret redzamo gaismu un infrasarkanajiem stariem).<\/li>\n<li>Saules rad\u012bto boj\u0101jumu atjauno\u0161ana.<\/li>\n<li>Sp\u0113c\u012bga antioksidantu aizsardz\u012bba.<\/li>\n<li>100% miner\u0101lu filtri.<\/li>\n<li>Gai\u0161a tekst\u016bra ar neredzamu p\u0101rkl\u0101jumu pat tum\u0161iem \u0101das to\u0146iem.<\/li>\n<li>Jut\u012bgai \u0101dai un p\u0113c dermatolo\u0123isk\u0101m proced\u016br\u0101m.<\/li>\n<li>Hipoaler\u0123isks.<\/li>\n<li>\u016adensiztur\u012bgs.<\/li>\n<\/ul>\n<p><strong>Akt\u012bv\u0101s sast\u0101vda\u013cas:<\/strong><\/p>\n<p>Fernblock\u00ae+ tehnolo\u0123ija, 100% miner\u0101lu filtri, glikozil\u0101ze, Bioshield<br data-mce-fragment=\"1\">sist\u0113ma (Biomim\u0113tiskais melan\u012bns un OTZ 10).<\/p>","protected":false},"excerpt":{"rendered":"<p>Fotoim\u016bnaizsardz\u012bba ar 100% miner\u0101lu filtriem \u012apa\u0161i labi toler\u0113jams sast\u0101vs tikai ar miner\u0101lu filtriem. Gai\u0161\u0101 tekst\u016branodro\u0161ina neredzamu p\u0101rkl\u0101jumu pat tum\u0161iem \u0101das to\u0146iem. Ide\u0101lipiem\u0113rots jut\u012bgai, reakt\u012bvai \u0101dai.\u013boti augsta fotoim\u016bnaizsardz\u012bba. Sast\u0101v\u0101 eso\u0161\u0101 Fernblock\u00ae+tehnolo\u0123ija, miner\u0101lie aizsargfiltri, atjaunojo\u0161\u0101s un antioksidantusast\u0101vda\u013cas aizsarg\u0101 pret 4 veidu starojumu (UVB, UVA, redzamogaismu un infrasarkano starojumu), neitraliz\u0113 un atjauno \u0101d\u0101 saulesrad\u012btos boj\u0101jumus. Priek\u0161roc\u012bbas: Pla\u0161a spektra [&hellip;]<\/p>\n","protected":false},"featured_media":0,"comment_status":"closed","ping_status":"open","template":"","meta":[],"product_brand":[],"product_cat":[16],"product_tag":[],"class_list":{"0":"post-49617","1":"product","2":"type-product","3":"status-publish","5":"product_cat-bez-kategorijas","7":"first","8":"instock","9":"purchasable","10":"product-type-simple"},"_links":{"self":[{"href":"https:\/\/ajaesthetics.org\/ru\/wp-json\/wp\/v2\/product\/49617","targetHints":{"allow":["GET"]}}],"collection":[{"href":"https:\/\/ajaesthetics.org\/ru\/wp-json\/wp\/v2\/product"}],"about":[{"href":"https:\/\/ajaesthetics.org\/ru\/wp-json\/wp\/v2\/types\/product"}],"replies":[{"embeddable":true,"href":"https:\/\/ajaesthetics.org\/ru\/wp-json\/wp\/v2\/comments?post=49617"}],"wp:attachment":[{"href":"https:\/\/ajaesthetics.org\/ru\/wp-json\/wp\/v2\/media?parent=49617"}],"wp:term":[{"taxonomy":"product_brand","embeddable":true,"href":"https:\/\/ajaesthetics.org\/ru\/wp-json\/wp\/v2\/product_brand?post=49617"},{"taxonomy":"product_cat","embeddable":true,"href":"https:\/\/ajaesthetics.org\/ru\/wp-json\/wp\/v2\/product_cat?post=49617"},{"taxonomy":"product_tag","embeddable":true,"href":"https:\/\/ajaesthetics.org\/ru\/wp-json\/wp\/v2\/product_tag?post=49617"}],"curies":[{"name":"wp","href":"https:\/\/api.w.org\/{rel}","templated":true}]}}